{"id":86,"date":"2013-12-30T16:38:14","date_gmt":"2012-07-31T02:17:58","guid":{"rendered":"http:\/\/theme-fusion.com\/avada\/?page_id=86"},"modified":"2021-12-20T14:17:16","modified_gmt":"2021-12-20T14:17:16","slug":"contacto","status":"publish","type":"page","link":"https:\/\/grupoaza.es\/en\/contact\/","title":{"rendered":"Contact"},"content":{"rendered":"<p>[et_pb_section bb_built=&#8221;1&#8243; module_id=&#8221;home&#8221; _builder_version=&#8221;3.19.4&#8243; custom_padding=&#8221;0px|0px|0px|0px&#8221; next_background_color=&#8221;#000000&#8243; disabled=&#8221;off&#8221; disabled_on=&#8221;off|off|off&#8221;][et_pb_row use_custom_width=&#8221;on&#8221; width_unit=&#8221;off&#8221; custom_width_percent=&#8221;100%&#8221; custom_padding=&#8221;0px|0px|0px|0px&#8221; _builder_version=&#8221;3.0.105&#8243; background_size=&#8221;initial&#8221; background_position=&#8221;top_left&#8221; background_repeat=&#8221;repeat&#8221;][et_pb_column type=&#8221;4_4&#8243;][et_pb_text _builder_version=&#8221;3.19.4&#8243;]<\/p>\n<p><iframe src=\"https:\/\/www.google.com\/maps\/embed?pb=!1m18!1m12!1m3!1d28079327.429575156!2d-5.306489165348906!3d37.43850224679121!2m3!1f0!2f0!3f0!3m2!1i1024!2i768!4f13.1!3m3!1m2!1s0xd6048ca9af75871%3A0x9fef8b23fcb01f9f!2sAv.%20del%20Reino%20de%20Valencia%2C%202%2C%2046005%20Valencia!5e1!3m2!1ses!2ses!4v1639663459380!5m2!1ses!2ses\" width=\"2000\" height=\"350\" style=\"border:0;\" allowfullscreen=\"\" loading=\"lazy\"><\/iframe><\/p>\n<p>[\/et_pb_text][\/et_pb_column][\/et_pb_row][\/et_pb_section][et_pb_section bb_built=&#8221;1&#8243; admin_label=&#8221;Footer&#8221; module_id=&#8221;contacto&#8221; _builder_version=&#8221;3.19.4&#8243; background_color_gradient_direction=&#8221;90deg&#8221; background_image=&#8221;https:\/\/grupoaza.es\/wp-content\/uploads\/2019\/01\/contacto.jpg&#8221; parallax=&#8221;on&#8221; custom_padding=&#8221;0px|0px|0px|0px&#8221; saved_tabs=&#8221;all&#8221; prev_background_color=&#8221;#ffffff&#8221;][et_pb_row admin_label=&#8221;Footer Row&#8221; make_fullwidth=&#8221;on&#8221; use_custom_gutter=&#8221;on&#8221; gutter_width=&#8221;1&#8243; custom_padding=&#8221;0|0px|0px|0px|false|false&#8221; custom_margin=&#8221;|||&#8221; make_equal=&#8221;on&#8221; background_color_2=&#8221;rgba(0,86,152,0.24)&#8221; bg_img_1=&#8221;https:\/\/grupoaza.es\/wp-content\/uploads\/2019\/01\/operadora-1.png&#8221; padding_top_1=&#8221;100px&#8221; padding_top_2=&#8221;100px&#8221; padding_right_1=&#8221;10%&#8221; padding_right_2=&#8221;10%&#8221; padding_bottom_1=&#8221;100px&#8221; padding_bottom_2=&#8221;100px&#8221; padding_left_1=&#8221;10%&#8221; padding_left_2=&#8221;10%&#8221; padding_1_last_edited=&#8221;on|phone&#8221; _builder_version=&#8221;3.19.4&#8243; animation_style=&#8221;fade&#8221;][et_pb_column type=&#8221;1_2&#8243;][et_pb_text admin_label=&#8221;Texts&#8221; _builder_version=&#8221;3.19.4&#8243; text_text_color=&#8221;#ffffff&#8221; text_font_size=&#8221;16px&#8221; header_font=&#8221;|||on|||||&#8221; header_text_color=&#8221;#e8893c&#8221; header_font_size=&#8221;16px&#8221; header_letter_spacing=&#8221;2px&#8221; header_line_height=&#8221;1.7em&#8221; header_2_text_color=&#8221;#005698&#8243; header_4_font=&#8221;Dosis|700||on|||||&#8221; header_4_text_color=&#8221;#9b357f&#8221; header_4_font_size=&#8221;24px&#8221; header_4_letter_spacing=&#8221;1px&#8221; header_4_line_height=&#8221;1.5em&#8221; background_layout=&#8221;dark&#8221; custom_margin=&#8221;-60px||6%|&#8221; locked=&#8221;off&#8221;]<\/p>\n<p><strong style=\"font-size: 24px; color: #005698;\">GRUPO AZA<\/strong><\/p>\n<p>DIRECCI\u00d3N<br \/>\n<em>Avenida Reino de Valencia, 2-1\u00ba (entrada por C\/ Ruzafa, 31 Ac.), 46005 &#8211; Valencia<\/em><\/p>\n<p>TEL\u00c9FONO<br \/>\n<em>+34 960 141 200<\/em><\/p>\n<p>EMAIL<br \/>\n<em>info@grupoaza.com<\/em><\/p>\n<p>[\/et_pb_text][\/et_pb_column][et_pb_column type=&#8221;1_2&#8243;][et_pb_text _builder_version=&#8221;3.19.4&#8243; text_text_color=&#8221;#ffffff&#8221; background_layout=&#8221;dark&#8221; custom_margin=&#8221;-60px||&#8221;]<\/p>\n<p><strong style=\"font-size: 24px; color: #005698;\">CONTACTA CON NOSOTROS<\/strong><\/p>\n<p><em>Rellena este formulario para contactar con nosotros y te atenderemos lo antes posible. Gracias.<\/em><\/p>\n\n<div class=\"wpcf7 no-js\" id=\"wpcf7-f5541-o1\" lang=\"es-ES\" dir=\"ltr\">\n<div class=\"screen-reader-response\"><p role=\"status\" aria-live=\"polite\" aria-atomic=\"true\"><\/p> <ul><\/ul><\/div>\n<form action=\"\/en\/wp-json\/wp\/v2\/pages\/86#wpcf7-f5541-o1\" method=\"post\" class=\"wpcf7-form init\" aria-label=\"Formulario de contacto\" novalidate=\"novalidate\" data-status=\"init\">\n<div style=\"display: none;\">\n<input type=\"hidden\" name=\"_wpcf7\" value=\"5541\" \/>\n<input type=\"hidden\" name=\"_wpcf7_version\" value=\"5.7.5.1\" \/>\n<input type=\"hidden\" name=\"_wpcf7_locale\" value=\"es_ES\" \/>\n<input type=\"hidden\" name=\"_wpcf7_unit_tag\" value=\"wpcf7-f5541-o1\" \/>\n<input type=\"hidden\" name=\"_wpcf7_container_post\" value=\"0\" \/>\n<input type=\"hidden\" name=\"_wpcf7_posted_data_hash\" value=\"\" \/>\n<\/div>\n<div id=\"responsive-form\" class=\"clearfix\">\n\t<div class=\"form-row\">\n\t\t<div class=\"column-half\">\n\t\t\t<p><span class=\"wpcf7-form-control-wrap\" data-name=\"your-name\"><input size=\"40\" class=\"wpcf7-form-control wpcf7-text wpcf7-validates-as-required\" aria-required=\"true\" aria-invalid=\"false\" placeholder=\"Nombre\" value=\"\" type=\"text\" name=\"your-name\" \/><\/span>\n\t\t\t<\/p>\n\t\t<\/div>\n\t\t<div class=\"column-half\">\n\t\t\t<p><span class=\"wpcf7-form-control-wrap\" data-name=\"your-apellido\"><input size=\"40\" class=\"wpcf7-form-control wpcf7-text wpcf7-validates-as-required\" aria-required=\"true\" aria-invalid=\"false\" placeholder=\"Apellidos\" value=\"\" type=\"text\" name=\"your-apellido\" \/><\/span>\n\t\t\t<\/p>\n\t\t<\/div>\n\t<\/div>\n\t<div class=\"form-row\">\n\t\t<div class=\"column-half\">\n\t\t\t<p><span class=\"wpcf7-form-control-wrap\" data-name=\"your-email\"><input size=\"40\" class=\"wpcf7-form-control wpcf7-text wpcf7-email wpcf7-validates-as-required wpcf7-validates-as-email\" aria-required=\"true\" aria-invalid=\"false\" placeholder=\"E-mail\" value=\"\" type=\"email\" name=\"your-email\" \/><\/span>\n\t\t\t<\/p>\n\t\t<\/div>\n\t\t<div class=\"column-half\">\n\t\t\t<p><span class=\"wpcf7-form-control-wrap\" data-name=\"your-subject\"><input size=\"40\" class=\"wpcf7-form-control wpcf7-text wpcf7-validates-as-required\" aria-required=\"true\" aria-invalid=\"false\" placeholder=\"Asunto\" value=\"\" type=\"text\" name=\"your-subject\" \/><\/span>\n\t\t\t<\/p>\n\t\t<\/div>\n\t<\/div>\n\t<div class=\"form-row\">\n\t\t<div class=\"column-full\">\n\t\t\t<p><span class=\"wpcf7-form-control-wrap\" data-name=\"your-message\"><textarea cols=\"40\" rows=\"10\" class=\"wpcf7-form-control wpcf7-textarea\" aria-invalid=\"false\" placeholder=\"Escriba su mensaje\" name=\"your-message\"><\/textarea><\/span>\n\t\t\t<\/p>\n\t\t<\/div>\n\t<\/div>\n\t<div class=\"form-row\">\n\t\t<div class=\"column-full\">\n\t\t\t<p><input class=\"wpcf7-form-control has-spinner wpcf7-submit\" type=\"submit\" value=\"Enviar\" \/>\n\t\t\t<\/p>\n\t\t<\/div>\n\t\t<div class=\"formulario\" style=\"text-align:center;\">\n\t\t\t<p><strong style=\"font-size:10px; color:#fff;\">PERMISOS (MARQUE LA CASILLA CORRESPONDIENTE EN CASO AFIRMATIVO):<\/strong>\n\t\t\t<\/p>\n\t\t<\/div>\n\t\t<p><span class=\"wpcf7-form-control-wrap\" data-name=\"Politica\"><span class=\"wpcf7-form-control wpcf7-checkbox wpcf7-validates-as-required\"><span class=\"wpcf7-list-item first last\"><input type=\"checkbox\" name=\"Politica[]\" value=\"Consiento el uso de mis datos para los fines indicados en la pol\u00edtica de privacidad \u201cPOL\u00cdTICA DE PRIVACIDAD\u201d\" \/><span class=\"wpcf7-list-item-label\">Consiento el uso de mis datos para los fines indicados en la pol\u00edtica de privacidad \u201cPOL\u00cdTICA DE PRIVACIDAD\u201d<\/span><\/span><\/span><\/span>\n\t\t<\/p>\n\t\t<p><span class=\"wpcf7-form-control-wrap\" data-name=\"RecibirPublicidad\"><span class=\"wpcf7-form-control wpcf7-checkbox\"><span class=\"wpcf7-list-item first last\"><input type=\"checkbox\" name=\"RecibirPublicidad[]\" value=\"Consiento el uso de mis datos personales para recibir publicidad de su entidad\" \/><span class=\"wpcf7-list-item-label\">Consiento el uso de mis datos personales para recibir publicidad de su entidad<\/span><\/span><\/span><\/span>\n\t\t<\/p>\n\t<\/div>\n<\/div><!--end responsive-form-->\n<div style=\"margin-top:30px; font-size:12px;\">\n\t<p><strong>INFORMACI\u00d3N B\u00c1SICA SOBRE PROTECCI\u00d3N DE DATOS<\/strong><br \/>\n<strong>Responsable del tratamiento:<\/strong> GRUPO AZA VALENCIA SL<br \/>\n<strong>Direcci\u00f3n del responsable:<\/strong> Avda. Reino De Valencia, 2.entlo., 46005 - VALENCIA (Valencia\/Val\u00e8ncia)<br \/>\n<strong>Finalidad:<\/strong> Sus datos ser\u00e1n usados para poder atender sus solicitudes y prestarle nuestros servicios.<br \/>\n<strong>Informaci\u00f3n de inter\u00e9s:<\/strong> \u00danicamente le enviaremos comunicaciones de su inter\u00e9s con su autorizaci\u00f3n previa, que podr\u00e1 facilitarnos mediante la casilla correspondiente establecida al efecto.<br \/>\n<strong>Legitimaci\u00f3n:<\/strong> \u00danicamente trataremos sus datos con su consentimiento previo, que podr\u00e1 facilitarnos mediante la casilla correspondiente establecida al efecto.<br \/>\n<strong>Destinatarios:<\/strong> Con car\u00e1cter general, s\u00f3lo el personal de nuestra entidad que est\u00e9 debidamente autorizado podr\u00e1 tener conocimiento de la informaci\u00f3n que le pedimos.<br \/>\n<strong>Derechos:<\/strong> Tiene derecho a saber qu\u00e9 informaci\u00f3n tenemos sobre usted, corregirla y eliminarla, tal y como se explica en la informaci\u00f3n adicional disponible en nuestra p\u00e1gina web.<br \/>\n<strong>Informaci\u00f3n adicional:<\/strong> M\u00e1s informaci\u00f3n en el apartado <a href=\"https:\/\/grupoaza.es\/politica-de-privacidad\/\" style=\"color:#fff;\" > \u201cPOL\u00cdTICA DE PRIVACIDAD\u201d <\/a> de nuestra p\u00e1gina web.\n\t<\/p>\n<\/div><div class=\"wpcf7-response-output\" aria-hidden=\"true\"><\/div>\n<\/form>\n<\/div>\n\n<p>[\/et_pb_text][\/et_pb_column][\/et_pb_row][\/et_pb_section]<\/p>\n","protected":false},"excerpt":{"rendered":"<p>[et_pb_section bb_built=&#8221;1&#8243; module_id=&#8221;home&#8221; _builder_version=&#8221;3.19.4&#8243; custom_padding=&#8221;0px|0px|0px|0px&#8221; next_background_color=&#8221;#000000&#8243; disabled=&#8221;off&#8221; disabled_on=&#8221;off|off|off&#8221;][et_pb_row use_custom_width=&#8221;on&#8221; width_unit=&#8221;off&#8221; custom_width_percent=&#8221;100%&#8221; custom_padding=&#8221;0px|0px|0px|0px&#8221; _builder_version=&#8221;3.0.105&#8243; background_size=&#8221;initial&#8221; background_position=&#8221;top_left&#8221; background_repeat=&#8221;repeat&#8221;][et_pb_column type=&#8221;4_4&#8243;][et_pb_text _builder_version=&#8221;3.19.4&#8243;] [\/et_pb_text][\/et_pb_column][\/et_pb_row][\/et_pb_section][et_pb_section bb_built=&#8221;1&#8243; admin_label=&#8221;Footer&#8221; module_id=&#8221;contacto&#8221; _builder_version=&#8221;3.19.4&#8243; background_color_gradient_direction=&#8221;90deg&#8221; background_image=&#8221;https:\/\/grupoaza.es\/wp-content\/uploads\/2019\/01\/contacto.jpg&#8221; parallax=&#8221;on&#8221; custom_padding=&#8221;0px|0px|0px|0px&#8221; saved_tabs=&#8221;all&#8221; prev_background_color=&#8221;#ffffff&#8221;][et_pb_row admin_label=&#8221;Footer Row&#8221; make_fullwidth=&#8221;on&#8221; use_custom_gutter=&#8221;on&#8221; gutter_width=&#8221;1&#8243; custom_padding=&#8221;0|0px|0px|0px|false|false&#8221; custom_margin=&#8221;|||&#8221; make_equal=&#8221;on&#8221; background_color_2=&#8221;rgba(0,86,152,0.24)&#8221; bg_img_1=&#8221;https:\/\/grupoaza.es\/wp-content\/uploads\/2019\/01\/operadora-1.png&#8221; padding_top_1=&#8221;100px&#8221; padding_top_2=&#8221;100px&#8221; padding_right_1=&#8221;10%&#8221; padding_right_2=&#8221;10%&#8221; padding_bottom_1=&#8221;100px&#8221; padding_bottom_2=&#8221;100px&#8221; padding_left_1=&#8221;10%&#8221; padding_left_2=&#8221;10%&#8221; padding_1_last_edited=&#8221;on|phone&#8221; _builder_version=&#8221;3.19.4&#8243; animation_style=&#8221;fade&#8221;][et_pb_column type=&#8221;1_2&#8243;][et_pb_text admin_label=&#8221;Texts&#8221; _builder_version=&#8221;3.19.4&#8243; text_text_color=&#8221;#ffffff&#8221; text_font_size=&#8221;16px&#8221; [&hellip;]<\/p>\n","protected":false},"author":1,"featured_media":0,"parent":0,"menu_order":0,"comment_status":"open","ping_status":"closed","template":"","meta":{"_et_pb_use_builder":"on","_et_pb_old_content":"<p>[two_third last=\"no\"]<\/p><p>[separator top=\"30\" style=\"none\"]<\/p><p><a href=\"http:\/\/www.grupoaza.es\/wp-content\/uploads\/2012\/07\/contacto.jpg\"><img class=\"aligncenter size-large wp-image-4318\" src=\"http:\/\/www.grupoaza.es\/wp-content\/uploads\/2012\/07\/contacto-1024x461.jpg\" alt=\"Contacto Grupo AZA\" width=\"1000\" height=\"450\" \/><\/a><\/p><p>[\/two_third]<\/p><p>[one_third last=\"yes\"]<\/p><p>[separator top=\"30\" style=\"none\"]<\/p><p>[title size=\"2\"]GRUPO AZA[\/title]<\/p><div><strong>DIRECCI\u00d3N<\/strong><\/div><div>Avenida Reino de Valencia 2, piso 1<br \/>46005 (Valencia)<\/div><div>\u00a0<\/div><div><strong>TEL\u00c9FONO<\/strong><\/div><div>960 141 200<\/div><div>\u00a0<\/div><div><strong>EMAIL<\/strong><\/div><div>info@grupoaza.com<\/div><div>\u00a0<\/div><div>[separator top=\"10\"]<\/div><p>[\/one_third]<\/p><p>\u00a0<\/p>"},"_links":{"self":[{"href":"https:\/\/grupoaza.es\/en\/wp-json\/wp\/v2\/pages\/86"}],"collection":[{"href":"https:\/\/grupoaza.es\/en\/wp-json\/wp\/v2\/pages"}],"about":[{"href":"https:\/\/grupoaza.es\/en\/wp-json\/wp\/v2\/types\/page"}],"author":[{"embeddable":true,"href":"https:\/\/grupoaza.es\/en\/wp-json\/wp\/v2\/users\/1"}],"replies":[{"embeddable":true,"href":"https:\/\/grupoaza.es\/en\/wp-json\/wp\/v2\/comments?post=86"}],"version-history":[{"count":44,"href":"https:\/\/grupoaza.es\/en\/wp-json\/wp\/v2\/pages\/86\/revisions"}],"predecessor-version":[{"id":5546,"href":"https:\/\/grupoaza.es\/en\/wp-json\/wp\/v2\/pages\/86\/revisions\/5546"}],"wp:attachment":[{"href":"https:\/\/grupoaza.es\/en\/wp-json\/wp\/v2\/media?parent=86"}],"curies":[{"name":"wp","href":"https:\/\/api.w.org\/{rel}","templated":true}]}}