{"id":4693,"date":"2015-04-30T16:57:58","date_gmt":"2015-04-30T16:57:58","guid":{"rendered":"http:\/\/www.grupoaza.es\/?page_id=4693"},"modified":"2024-09-06T12:37:30","modified_gmt":"2024-09-06T10:37:30","slug":"inmuebles","status":"publish","type":"page","link":"https:\/\/grupoaza.es\/en\/properties\/","title":{"rendered":"Properties"},"content":{"rendered":"<p>[:es _i=&#8221;0&#8243; _address=&#8221;0&#8243; \/][et_pb_section fb_built=&#8221;1&#8243; module_id=&#8221;home&#8221; _builder_version=&#8221;3.18.7&#8243; custom_padding=&#8221;0px|0px|0px|0px&#8221;][et_pb_row use_custom_width=&#8221;on&#8221; width_unit=&#8221;off&#8221; custom_width_percent=&#8221;100%&#8221; custom_padding=&#8221;0px|0px|0px|0px&#8221; _builder_version=&#8221;3.0.105&#8243; background_size=&#8221;initial&#8221; background_position=&#8221;top_left&#8221; background_repeat=&#8221;repeat&#8221;][et_pb_column type=&#8221;4_4&#8243; _builder_version=&#8221;3.0.47&#8243; parallax=&#8221;off&#8221; parallax_method=&#8221;on&#8221;][et_pb_slider _builder_version=&#8221;3.19.4&#8243;][et_pb_slide use_bg_overlay=&#8221;off&#8221; use_text_overlay=&#8221;off&#8221; _builder_version=&#8221;3.19.4&#8243; background_color=&#8221;rgba(196,196,196,0)&#8221; background_image=&#8221;https:\/\/grupoaza.es\/wp-content\/uploads\/2019\/01\/slide-inmuebles-1.jpg&#8221; button_on_hover=&#8221;on&#8221;][\/et_pb_slide][\/et_pb_slider][\/et_pb_column][\/et_pb_row][\/et_pb_section][et_pb_section fb_built=&#8221;1&#8243; _builder_version=&#8221;3.0.47&#8243; custom_padding=&#8221;0|0px|0|0px|false|false&#8221;][et_pb_row custom_padding=&#8221;24.7667px|0px|17px|0px|false|false&#8221; _builder_version=&#8221;3.0.48&#8243; background_size=&#8221;initial&#8221; background_position=&#8221;top_left&#8221; background_repeat=&#8221;repeat&#8221;][et_pb_column type=&#8221;4_4&#8243; _builder_version=&#8221;3.0.47&#8243; parallax=&#8221;off&#8221; parallax_method=&#8221;on&#8221;][et_pb_text _builder_version=&#8221;3.19.4&#8243; text_font_size=&#8221;24px&#8221;]<strong style=\"color: #005698;\">AZA Valencia Inmuebles<\/strong>[\/et_pb_text][\/et_pb_column][\/et_pb_row][et_pb_row custom_padding=&#8221;0|0px|24.7667px|0px|false|false&#8221; _builder_version=&#8221;3.0.48&#8243; background_size=&#8221;initial&#8221; background_position=&#8221;top_left&#8221; background_repeat=&#8221;repeat&#8221;][et_pb_column type=&#8221;1_2&#8243; _builder_version=&#8221;3.0.47&#8243; parallax=&#8221;off&#8221; parallax_method=&#8221;on&#8221;][et_pb_text _builder_version=&#8221;3.19.4&#8243; text_orientation=&#8221;justified&#8221;]<\/p>\n<p><strong style=\"color: #005698;\">AZA Inmuebles<\/strong> dota de soporte inmobiliario a importantes empresas hosteleras, comerciales e industriales.<\/p>\n<p>-En la calle Colon n\u00ba 6 de Valencia, principal eje comercial de la ciudad, <strong style=\"color: #005698;\">AZA Inmuebles<\/strong> posee un hotel de 91 habitaciones que gestiona AC Marriott, 345 plazas de aparcamiento y un local comercial de 3.638 metros que ocupa Media-Markt. Se ha desarrollado atendiendo a las mejores calidades del momento y ha sido muy bien aceptado por el mercado. Respecto al parking, es otra de las empresas del grupo, <strong style=\"color: #005698;\">Parking AZA<\/strong>, quien se encarga de la explotaci\u00f3n.<\/p>\n<p>-En la calle Ruzafa, n\u00ba 16 se ha construido una nueva glorieta p\u00fablica localizada en el centro de la ciudad de Valencia con acceso desde la calle Ruzafa n\u00ba16 y desde el pasaje Doctor Serra n\u00ba29, el espacio cuenta con m\u00e1s de 3.500 metros cuadrados ajardinados de zona de uso p\u00fablico, con parque infantil y un carrusel. As\u00ed mismo dispone de 732 plazas de aparcamiento, gestionadas tambi\u00e9n por <strong style=\"color: #005698;\">Parking AZA<\/strong> (quien se encarga de la explotaci\u00f3n) y varios locales comerciales que est\u00e1n ocupados por marcas de reconocido prestigio internacional, como PRIMARK o Domino\u2019s Pizza y nacional como Foster\u2019s Hollywood.<\/p>\n<p>Este conjunto de glorieta p\u00fablica, locales comerciales y nuevo aparcamiento, as\u00ed como la reforma del pasaje Doctor Serra, han contribuido a la revitalizaci\u00f3n de los alrededores, con la aparici\u00f3n de m\u00faltiples nuevos negocios que se suman a los ya existentes, aumentando exponencialmente la afluencia de p\u00fablico en la zona.<\/p>\n<p>[\/et_pb_text][\/et_pb_column][et_pb_column type=&#8221;1_2&#8243; _builder_version=&#8221;3.0.47&#8243; parallax=&#8221;off&#8221; parallax_method=&#8221;on&#8221;][et_pb_image src=&#8221;https:\/\/grupoaza.es\/wp-content\/uploads\/2019\/01\/innmuebles.jpg&#8221; _builder_version=&#8221;3.19.4&#8243;][\/et_pb_image][\/et_pb_column][\/et_pb_row][\/et_pb_section][:en _i=&#8221;3&#8243; _address=&#8221;3&#8243; \/][et_pb_section fb_built=&#8221;1&#8243; module_id=&#8221;home&#8221; _builder_version=&#8221;3.18.7&#8243; custom_padding=&#8221;0px|0px|0px|0px&#8221;][et_pb_row use_custom_width=&#8221;on&#8221; width_unit=&#8221;off&#8221; custom_width_percent=&#8221;100%&#8221; custom_padding=&#8221;0px|0px|0px|0px&#8221; _builder_version=&#8221;3.0.105&#8243; background_size=&#8221;initial&#8221; background_position=&#8221;top_left&#8221; background_repeat=&#8221;repeat&#8221;][et_pb_column type=&#8221;4_4&#8243; _builder_version=&#8221;3.0.47&#8243; parallax=&#8221;off&#8221; parallax_method=&#8221;on&#8221;][et_pb_slider _builder_version=&#8221;3.19.4&#8243;][et_pb_slide use_bg_overlay=&#8221;off&#8221; use_text_overlay=&#8221;off&#8221; _builder_version=&#8221;3.19.4&#8243; background_color=&#8221;rgba(196,196,196,0)&#8221; background_image=&#8221;https:\/\/grupoaza.es\/wp-content\/uploads\/2019\/01\/slide-inmuebles-1.jpg&#8221; button_on_hover=&#8221;on&#8221;][\/et_pb_slide][\/et_pb_slider][\/et_pb_column][\/et_pb_row][\/et_pb_section][et_pb_section fb_built=&#8221;1&#8243; _builder_version=&#8221;3.0.47&#8243; custom_padding=&#8221;0|0px|0|0px|false|false&#8221;][et_pb_row custom_padding=&#8221;24.7667px|0px|17px|0px|false|false&#8221; _builder_version=&#8221;3.0.48&#8243; background_size=&#8221;initial&#8221; background_position=&#8221;top_left&#8221; background_repeat=&#8221;repeat&#8221;][et_pb_column type=&#8221;4_4&#8243; _builder_version=&#8221;3.0.47&#8243; parallax=&#8221;off&#8221; parallax_method=&#8221;on&#8221;][et_pb_text _builder_version=&#8221;3.19.4&#8243; text_font_size=&#8221;24px&#8221;]<strong style=\"color: #005698;\">AZA Valencia Properties<\/strong>[\/et_pb_text][\/et_pb_column][\/et_pb_row][et_pb_row custom_padding=&#8221;0|0px|24.7667px|0px|false|false&#8221; _builder_version=&#8221;3.0.48&#8243; background_size=&#8221;initial&#8221; background_position=&#8221;top_left&#8221; background_repeat=&#8221;repeat&#8221;][et_pb_column type=&#8221;1_2&#8243; _builder_version=&#8221;3.0.47&#8243; parallax=&#8221;off&#8221; parallax_method=&#8221;on&#8221;][et_pb_text _builder_version=&#8221;3.19.4&#8243; text_orientation=&#8221;justified&#8221;]<strong style=\"color: #005698;\">Aza Properties<\/strong> provides support to very important hostelery, commercial and industrial companies.<\/p>\n<p>In Colon Street in Valencia, hub of commercial activity, <strong style=\"color: #005698;\">Aza Properties<\/strong> are developing a hotel with 91 rooms that manages AC Marriott, 349 parking lots AND a shopping center with de 3.638 m2 which occupies Media-Markt. It has been developed in response to the best qualities of the moment and has been very well accepted by the market. Regarding parking, it\u00b4s and another company of our group, <strong style=\"color: #005698;\">AZA Parkings<\/strong>, who is in charge of the exploitation.<\/p>\n<p>A new public square has been built in Valencia city center, with access by 16th Ruzafa Street and 29th Doctor Serra passage. This space has more than 3.500 square meters of public use area with gardens, child playground and one carousel. There also are 732 parking lots, managed by Parking AZA and several commercial facilities occupied by well known and international prestiged brands as PRIMARK, Domino\u2019s Pizza and also national ones like Foster\u2019s Hollywood.<\/p>\n<p>This set of public square, shops and new parking, as well as the Doctor Serra passage refurbishing have contributed to the revitalization of the neighborhood, with the creation of new bussiness adding to the existing ones and because of that, an exponental increase of public influx in the area.[\/et_pb_text][\/et_pb_column][et_pb_column type=&#8221;1_2&#8243; _builder_version=&#8221;3.0.47&#8243; parallax=&#8221;off&#8221; parallax_method=&#8221;on&#8221;][et_pb_image src=&#8221;https:\/\/grupoaza.es\/wp-content\/uploads\/2019\/01\/innmuebles.jpg&#8221; _builder_version=&#8221;3.19.4&#8243;][\/et_pb_image][\/et_pb_column][\/et_pb_row][\/et_pb_section][: _i=&#8221;6&#8243; _address=&#8221;6&#8243; \/]<\/p>","protected":false},"excerpt":{"rendered":"<p>[:es _i=&#8221;0&#8243; _address=&#8221;0&#8243; \/][et_pb_section fb_built=&#8221;1&#8243; module_id=&#8221;home&#8221; _builder_version=&#8221;3.18.7&#8243; custom_padding=&#8221;0px|0px|0px|0px&#8221;][et_pb_row use_custom_width=&#8221;on&#8221; width_unit=&#8221;off&#8221; custom_width_percent=&#8221;100%&#8221; custom_padding=&#8221;0px|0px|0px|0px&#8221; _builder_version=&#8221;3.0.105&#8243; background_size=&#8221;initial&#8221; background_position=&#8221;top_left&#8221; background_repeat=&#8221;repeat&#8221;][et_pb_column type=&#8221;4_4&#8243; _builder_version=&#8221;3.0.47&#8243; parallax=&#8221;off&#8221; parallax_method=&#8221;on&#8221;][et_pb_slider _builder_version=&#8221;3.19.4&#8243;][et_pb_slide use_bg_overlay=&#8221;off&#8221; use_text_overlay=&#8221;off&#8221; _builder_version=&#8221;3.19.4&#8243; background_color=&#8221;rgba(196,196,196,0)&#8221; background_image=&#8221;https:\/\/grupoaza.es\/wp-content\/uploads\/2019\/01\/slide-inmuebles-1.jpg&#8221; button_on_hover=&#8221;on&#8221;][\/et_pb_slide][\/et_pb_slider][\/et_pb_column][\/et_pb_row][\/et_pb_section][et_pb_section fb_built=&#8221;1&#8243; _builder_version=&#8221;3.0.47&#8243; custom_padding=&#8221;0|0px|0|0px|false|false&#8221;][et_pb_row custom_padding=&#8221;24.7667px|0px|17px|0px|false|false&#8221; _builder_version=&#8221;3.0.48&#8243; background_size=&#8221;initial&#8221; background_position=&#8221;top_left&#8221; background_repeat=&#8221;repeat&#8221;][et_pb_column type=&#8221;4_4&#8243; _builder_version=&#8221;3.0.47&#8243; parallax=&#8221;off&#8221; parallax_method=&#8221;on&#8221;][et_pb_text _builder_version=&#8221;3.19.4&#8243; text_font_size=&#8221;24px&#8221;]AZA Valencia Inmuebles[\/et_pb_text][\/et_pb_column][\/et_pb_row][et_pb_row custom_padding=&#8221;0|0px|24.7667px|0px|false|false&#8221; _builder_version=&#8221;3.0.48&#8243; background_size=&#8221;initial&#8221; background_position=&#8221;top_left&#8221; background_repeat=&#8221;repeat&#8221;][et_pb_column type=&#8221;1_2&#8243; _builder_version=&#8221;3.0.47&#8243; parallax=&#8221;off&#8221; parallax_method=&#8221;on&#8221;][et_pb_text _builder_version=&#8221;3.19.4&#8243; text_orientation=&#8221;justified&#8221;] AZA [&hellip;]<\/p>\n","protected":false},"author":1,"featured_media":0,"parent":0,"menu_order":0,"comment_status":"closed","ping_status":"closed","template":"","meta":{"_et_pb_use_builder":"on","_et_pb_old_content":"<p style=\"text-align: center;\"><a href=\"http:\/\/www.grupoaza.es\/wp-content\/uploads\/2015\/04\/IMG_5960_n.jpg\"><img class=\"wp-image-4692 aligncenter\" src=\"http:\/\/www.grupoaza.es\/wp-content\/uploads\/2015\/04\/IMG_5960_n-300x199.jpg\" alt=\"IMG_5960_n\" width=\"633\" height=\"437\" \/><\/a><\/p><p>\u00a0<\/p><p>[title size=\"2\"]<span style=\"color: #005698;\">AZA Valencia Inmuebles<\/span>[\/title]<\/p><p><span style=\"font-weight: 400;\"><em><strong>AZA Inmuebles<\/strong> <\/em>da soporte inmobiliario a importantes empresas hosteleras, comerciales e industriales. <\/span><\/p><p><span style=\"font-weight: 400;\">En la Calle Colon de Valencia, principal eje comercial de la ciudad, <\/span><b><i>AZA Inmuebles<\/i><\/b><i><span style=\"font-weight: 400;\"> posee un hotel de 91 habitaciones que gestiona Ac- Marriott, 345 plazas de aparcamiento y un local comercial\u00a0de 3.638 metros que ocupa Media Markt.<\/span><\/i><span style=\"font-weight: 400;\"> Se ha desarrollado atendiendo a las mejores calidades del momento y ha sido muy bien aceptado por el mercado.<\/span><\/p><p><span style=\"font-weight: 400;\">Respecto al parking es otra de las empresas del grupo, <\/span><b><i>Parking AZA<\/i><\/b><span style=\"font-weight: 400;\"> quien se encarga de la explotaci\u00f3n.<\/span><\/p><p><span style=\"font-weight: 400;\">En la Calle Ruzafa 16 se ha construido una nueva Glorieta p\u00fablica localizada en\u00a0el centro de la ciudad de Valencia con acceso desde la Calle Ruzafa 16 y Pasaje Doctor Serra 29, el espacio cuenta con m\u00e1s de 3500 metros cuadrados ajardinados de zona de uso p\u00fablico, con parque infantil y un carrusel.<\/span><\/p><p><span style=\"font-weight: 400;\">As\u00ed mismo dispone de 732 plazas plazas de aparcamiento, gestionadas por otra de las empresas de grupo, <em><strong>Parking AZA<\/strong><\/em>, quien se encarga de la explotaci\u00f3n y varios locales comerciales que ser\u00e1n ocupados por marcas de reconocido prestigio internacional.<\/span><\/p>"},"_links":{"self":[{"href":"https:\/\/grupoaza.es\/en\/wp-json\/wp\/v2\/pages\/4693"}],"collection":[{"href":"https:\/\/grupoaza.es\/en\/wp-json\/wp\/v2\/pages"}],"about":[{"href":"https:\/\/grupoaza.es\/en\/wp-json\/wp\/v2\/types\/page"}],"author":[{"embeddable":true,"href":"https:\/\/grupoaza.es\/en\/wp-json\/wp\/v2\/users\/1"}],"replies":[{"embeddable":true,"href":"https:\/\/grupoaza.es\/en\/wp-json\/wp\/v2\/comments?post=4693"}],"version-history":[{"count":24,"href":"https:\/\/grupoaza.es\/en\/wp-json\/wp\/v2\/pages\/4693\/revisions"}],"predecessor-version":[{"id":5743,"href":"https:\/\/grupoaza.es\/en\/wp-json\/wp\/v2\/pages\/4693\/revisions\/5743"}],"wp:attachment":[{"href":"https:\/\/grupoaza.es\/en\/wp-json\/wp\/v2\/media?parent=4693"}],"curies":[{"name":"wp","href":"https:\/\/api.w.org\/{rel}","templated":true}]}}