{"id":3693,"date":"2013-11-26T11:13:16","date_gmt":"2013-05-22T09:09:36","guid":{"rendered":"http:\/\/www.grupoaza.es\/?page_id=3693"},"modified":"2021-12-16T10:04:48","modified_gmt":"2021-12-16T10:04:48","slug":"medio-ambiente","status":"publish","type":"page","link":"https:\/\/grupoaza.es\/en\/environment\/","title":{"rendered":"Environment"},"content":{"rendered":"<p>[et_pb_section bb_built=&#8221;1&#8243; module_id=&#8221;home&#8221; _builder_version=&#8221;3.18.7&#8243; custom_padding=&#8221;0px|0px|0px|0px&#8221; next_background_color=&#8221;#000000&#8243;][et_pb_row use_custom_width=&#8221;on&#8221; width_unit=&#8221;off&#8221; custom_width_percent=&#8221;100%&#8221; custom_padding=&#8221;0px|0px|0px|0px&#8221; _builder_version=&#8221;3.0.105&#8243; background_size=&#8221;initial&#8221; background_position=&#8221;top_left&#8221; background_repeat=&#8221;repeat&#8221;][et_pb_column type=&#8221;4_4&#8243;][et_pb_slider _builder_version=&#8221;3.19.4&#8243;][et_pb_slide use_bg_overlay=&#8221;off&#8221; use_text_overlay=&#8221;off&#8221; _builder_version=&#8221;3.19.4&#8243; background_color=&#8221;rgba(196,196,196,0)&#8221; background_image=&#8221;https:\/\/grupoaza.es\/wp-content\/uploads\/2019\/01\/grupo-aza-medio-ambiente.jpg&#8221; button_on_hover=&#8221;on&#8221;][\/et_pb_slide][\/et_pb_slider][\/et_pb_column][\/et_pb_row][\/et_pb_section][et_pb_section bb_built=&#8221;1&#8243; _builder_version=&#8221;3.0.47&#8243; custom_padding=&#8221;0|0px|0|0px|false|false&#8221; prev_background_color=&#8221;#000000&#8243;][et_pb_row custom_padding=&#8221;24.7667px|0px|17px|0px|false|false&#8221; _builder_version=&#8221;3.0.48&#8243; background_size=&#8221;initial&#8221; background_position=&#8221;top_left&#8221; background_repeat=&#8221;repeat&#8221;][et_pb_column type=&#8221;4_4&#8243;][et_pb_text _builder_version=&#8221;3.19.4&#8243; text_font_size=&#8221;24px&#8221;]<\/p>\n<p><strong style=\"color: #005698;\">Aza GROUP Environment Policy<\/strong><\/p>\n<p>[\/et_pb_text][\/et_pb_column][\/et_pb_row][et_pb_row _builder_version=&#8221;3.0.48&#8243; background_size=&#8221;initial&#8221; background_position=&#8221;top_left&#8221; background_repeat=&#8221;repeat&#8221; custom_padding=&#8221;0|0px|24.7667px|0px|false|false&#8221;][et_pb_column type=&#8221;1_2&#8243;][et_pb_text _builder_version=&#8221;3.19.4&#8243; text_orientation=&#8221;justified&#8221;]<\/p>\n<p>Respect for the environment is one of our main lines of action and this affects the whole of the AZA Group.<br \/>\nInevitably to develop our activity there exist some indispensable resources, like fuel, paper and cardboard, energy and water.<\/p>\n<p>It\u2019s essential a continuous revision of our consumption to keep them under control, establishing periodic plans to minimize and thus achieve a double objective of cost and environmental sustainability.<br \/>\nOur generated waste, is segregated and recycled, keeping the valuation as the main destination for them.<br \/>\nThanks to all this, it has been possible to achieve ISO 14001 certification in July 2007, keeping it in force and working order until today.<\/p>\n<p>[\/et_pb_text][\/et_pb_column][et_pb_column type=&#8221;1_2&#8243;][et_pb_text _builder_version=&#8221;3.19.4&#8243; text_orientation=&#8221;justified&#8221;]<\/p>\n<p>In AZA Group we strive to make our organizations work towards sustainable development, so we must:<\/p>\n<ul style=\"list-style: none;\">\n<li><img decoding=\"async\" loading=\"lazy\" src=\"https:\/\/grupoaza.es\/wp-content\/uploads\/2019\/01\/check-1.png\" alt=\"check\" width=\"14\" height=\"15\" \/> Prevent and minimize our negative impacts on the environment.<\/li>\n<li><img decoding=\"async\" loading=\"lazy\" src=\"https:\/\/grupoaza.es\/wp-content\/uploads\/2019\/01\/check-1.png\" alt=\"check\" width=\"14\" height=\"15\" \/> Continuous improvement of our processes facing the environment in an efficient and security way.<\/li>\n<li><img decoding=\"async\" loading=\"lazy\" src=\"https:\/\/grupoaza.es\/wp-content\/uploads\/2019\/01\/check-1.png\" alt=\"check\" width=\"14\" height=\"15\" \/> Prevent incidents and accidents that have a negative impact on health, environment and materials.<\/li>\n<li><img decoding=\"async\" loading=\"lazy\" src=\"https:\/\/grupoaza.es\/wp-content\/uploads\/2019\/01\/check-1.png\" alt=\"check\" width=\"14\" height=\"15\" \/> Train and motivate staff so that their behavior at work is more responsible to the environment.<\/li>\n<li><img decoding=\"async\" loading=\"lazy\" src=\"https:\/\/grupoaza.es\/wp-content\/uploads\/2019\/01\/check-1.png\" alt=\"check\" width=\"14\" height=\"15\" \/> Achieve the environmental legislation and regulations, other requirements, and take social responsibility and ethics.<\/li>\n<li><img decoding=\"async\" loading=\"lazy\" src=\"https:\/\/grupoaza.es\/wp-content\/uploads\/2019\/01\/check-1.png\" alt=\"check\" width=\"14\" height=\"15\" \/> Communicate and cooperate with our customers and suppliers and report publicly on our activities and new projects.<\/li>\n<\/ul>\n<p>[\/et_pb_text][\/et_pb_column][\/et_pb_row][et_pb_row _builder_version=&#8221;3.0.48&#8243; background_size=&#8221;initial&#8221; background_position=&#8221;top_left&#8221; background_repeat=&#8221;repeat&#8221;][et_pb_column type=&#8221;4_4&#8243;][et_pb_testimonial _builder_version=&#8221;3.19.4&#8243; quote_icon_background_color=&#8221;#f5f5f5&#8243;]<\/p>\n<p>All transports affect the Earth, therefore, AZA Group makes an effort not only to optimize our costs, but also to affect as little as possible to the environment. We are an organization that respects the environment.<\/p>\n<p>[\/et_pb_testimonial][\/et_pb_column][\/et_pb_row][\/et_pb_section]<\/p>","protected":false},"excerpt":{"rendered":"<p>[et_pb_section bb_built=&#8221;1&#8243; module_id=&#8221;home&#8221; _builder_version=&#8221;3.18.7&#8243; custom_padding=&#8221;0px|0px|0px|0px&#8221; next_background_color=&#8221;#000000&#8243;][et_pb_row use_custom_width=&#8221;on&#8221; width_unit=&#8221;off&#8221; custom_width_percent=&#8221;100%&#8221; custom_padding=&#8221;0px|0px|0px|0px&#8221; _builder_version=&#8221;3.0.105&#8243; background_size=&#8221;initial&#8221; background_position=&#8221;top_left&#8221; background_repeat=&#8221;repeat&#8221;][et_pb_column type=&#8221;4_4&#8243;][et_pb_slider _builder_version=&#8221;3.19.4&#8243;][et_pb_slide use_bg_overlay=&#8221;off&#8221; use_text_overlay=&#8221;off&#8221; _builder_version=&#8221;3.19.4&#8243; background_color=&#8221;rgba(196,196,196,0)&#8221; background_image=&#8221;https:\/\/grupoaza.es\/wp-content\/uploads\/2019\/01\/grupo-aza-medio-ambiente.jpg&#8221; button_on_hover=&#8221;on&#8221;][\/et_pb_slide][\/et_pb_slider][\/et_pb_column][\/et_pb_row][\/et_pb_section][et_pb_section bb_built=&#8221;1&#8243; _builder_version=&#8221;3.0.47&#8243; custom_padding=&#8221;0|0px|0|0px|false|false&#8221; prev_background_color=&#8221;#000000&#8243;][et_pb_row custom_padding=&#8221;24.7667px|0px|17px|0px|false|false&#8221; _builder_version=&#8221;3.0.48&#8243; background_size=&#8221;initial&#8221; background_position=&#8221;top_left&#8221; background_repeat=&#8221;repeat&#8221;][et_pb_column type=&#8221;4_4&#8243;][et_pb_text _builder_version=&#8221;3.19.4&#8243; text_font_size=&#8221;24px&#8221;] Aza GROUP Environment Policy [\/et_pb_text][\/et_pb_column][\/et_pb_row][et_pb_row _builder_version=&#8221;3.0.48&#8243; background_size=&#8221;initial&#8221; background_position=&#8221;top_left&#8221; background_repeat=&#8221;repeat&#8221; custom_padding=&#8221;0|0px|24.7667px|0px|false|false&#8221;][et_pb_column type=&#8221;1_2&#8243;][et_pb_text _builder_version=&#8221;3.19.4&#8243; text_orientation=&#8221;justified&#8221;] Respect for the environment is one of our [&hellip;]<\/p>\n","protected":false},"author":1,"featured_media":0,"parent":0,"menu_order":0,"comment_status":"closed","ping_status":"closed","template":"","meta":{"_et_pb_use_builder":"on","_et_pb_old_content":"<p>[separator top=\"40\"]<\/p><p>[title size=\"2\"]<span style=\"color: #005698;\">Pol\u00edtica medio ambiental del Grupo AZA<\/span>[\/title]<\/p><p>En Grupo Aza queremos colaborar con la preservaci\u00f3n de nuestro entorno, m\u00e1s all\u00e1 de lo que la legislaci\u00f3n determina.<\/p><p>Inevitablemente existen algunos recursos cuya utilizaci\u00f3n es imprescindible para el desarrollo de nuestra actividad, como son principalmente el combustible, el papel y el cart\u00f3n, la energ\u00eda el\u00e9ctrica y el agua.<\/p><p>Para ellos mantenemos un sistema de revisi\u00f3n constante de nuestros consumos, estableciendo planes peri\u00f3dicos para minimizarlos y as\u00ed conseguir un doble objetivo de costes y de sostenibilidad ambiental.<\/p><p>Una vez generados los residuos, los segregamos y reciclamos, teniendo siempre la valorizaci\u00f3n como destino principal para ellos.<\/p><p>Gracias a todo ello ha sido posible conseguir la certificaci\u00f3n ISO 14001 en julio de 2007, manteni\u00e9ndola en vigor y en buen funcionamiento hasta la actualidad.<\/p><p>En Grupo AZA nos esforzamos en que nuestras organizaciones trabajen hacia un desarrollo sostenido, por ello debemos:<\/p><p>[checklist icon=\"check\" iconcolor=\"\" circle=\"yes\"]<\/p><ul><li>Prevenir y minimizar nuestros impactos negativos en el medio ambiente.<\/li><li>Mejora continua de nuestros procesos de cara al medio ambiente y seguridad de forma eficiente.<\/li><li>Prevenir incidentes y accidentes que tengan un impacto negativo en la salud, medio ambiente y materiales.<\/li><li>Formar y motivar al personal de forma que su comportamiento en el trabajo sea m\u00e1s responsable con el medio ambiente.<\/li><li>Cumplir con la legislaci\u00f3n y reglamentaci\u00f3n medioambiental, otros requerimientos, y asumir una responsabilidad social y \u00e9tica.<\/li><li>Comunicar y cooperar con nuestros clientes y proveedores e informar p\u00fablicamente de nuestras actividades y nuevos proyectos.<\/li><\/ul><p>[\/checklist][separator top=\"40\"]<br \/>[tagline_box backgroundcolor=\"#005698\" shadow=\"yes\" border=\"1px\" bordercolor=\"\" highlightposition=\"top\" \u00a0description=\"Todos los transportes afectan a la Tierra, por ello, en Grupo AZA, nos esforzamos no s\u00f3lo para optimizar nuestros costes, sino tambi\u00e9n para afectar lo menos posible al medio ambiente. Somos una\u00a0organizaci\u00f3n respetuosa con el medio ambiente.\"][\/tagline_box]<\/p>"},"_links":{"self":[{"href":"https:\/\/grupoaza.es\/en\/wp-json\/wp\/v2\/pages\/3693"}],"collection":[{"href":"https:\/\/grupoaza.es\/en\/wp-json\/wp\/v2\/pages"}],"about":[{"href":"https:\/\/grupoaza.es\/en\/wp-json\/wp\/v2\/types\/page"}],"author":[{"embeddable":true,"href":"https:\/\/grupoaza.es\/en\/wp-json\/wp\/v2\/users\/1"}],"replies":[{"embeddable":true,"href":"https:\/\/grupoaza.es\/en\/wp-json\/wp\/v2\/comments?post=3693"}],"version-history":[{"count":21,"href":"https:\/\/grupoaza.es\/en\/wp-json\/wp\/v2\/pages\/3693\/revisions"}],"predecessor-version":[{"id":5508,"href":"https:\/\/grupoaza.es\/en\/wp-json\/wp\/v2\/pages\/3693\/revisions\/5508"}],"wp:attachment":[{"href":"https:\/\/grupoaza.es\/en\/wp-json\/wp\/v2\/media?parent=3693"}],"curies":[{"name":"wp","href":"https:\/\/api.w.org\/{rel}","templated":true}]}}