{"id":3684,"date":"2013-11-26T10:42:40","date_gmt":"2013-05-22T08:58:13","guid":{"rendered":"http:\/\/www.grupoaza.es\/?page_id=3684"},"modified":"2026-02-09T12:33:34","modified_gmt":"2026-02-09T11:33:34","slug":"parkings","status":"publish","type":"page","link":"https:\/\/grupoaza.es\/en\/parking-areas\/","title":{"rendered":"Parkings"},"content":{"rendered":"<p>[:es _i=&#8221;0&#8243; _address=&#8221;0&#8243; \/][et_pb_section fb_built=&#8221;1&#8243; module_id=&#8221;home&#8221; _builder_version=&#8221;3.18.7&#8243; custom_padding=&#8221;0px|0px|0px|0px&#8221;][et_pb_row use_custom_width=&#8221;on&#8221; width_unit=&#8221;off&#8221; custom_width_percent=&#8221;100%&#8221; custom_padding=&#8221;0px|0px|0px|0px&#8221; _builder_version=&#8221;3.0.105&#8243; background_size=&#8221;initial&#8221; background_position=&#8221;top_left&#8221; background_repeat=&#8221;repeat&#8221;][et_pb_column type=&#8221;4_4&#8243; _builder_version=&#8221;3.0.47&#8243; parallax=&#8221;off&#8221; parallax_method=&#8221;on&#8221;][et_pb_video src=&#8221;https:\/\/grupoaza.es\/wp-content\/uploads\/2019\/01\/parkingF.mp4&#8243; image_src=&#8221;https:\/\/grupoaza.es\/wp-content\/uploads\/2019\/01\/video.png&#8221; _builder_version=&#8221;3.19.4&#8243;]<br \/>\n[\/et_pb_video][\/et_pb_column][\/et_pb_row][\/et_pb_section][et_pb_section fb_built=&#8221;1&#8243; _builder_version=&#8221;3.0.47&#8243; custom_padding=&#8221;0|0px|0|0px|false|false&#8221;][et_pb_row custom_padding=&#8221;24.7667px|0px|0|0px|false|false&#8221; _builder_version=&#8221;3.0.48&#8243; background_size=&#8221;initial&#8221; background_position=&#8221;top_left&#8221; background_repeat=&#8221;repeat&#8221;][et_pb_column type=&#8221;4_4&#8243; _builder_version=&#8221;3.0.47&#8243; parallax=&#8221;off&#8221; parallax_method=&#8221;on&#8221;][et_pb_text _builder_version=&#8221;3.19.4&#8243; text_font_size=&#8221;24px&#8221;]<\/p>\n<p><strong style=\"color: #005698;\">Parkings<\/strong><\/p>\n<p>[\/et_pb_text][\/et_pb_column][\/et_pb_row][et_pb_row custom_padding=&#8221;10px|0px|0|0px|false|false&#8221; _builder_version=&#8221;3.0.48&#8243; background_size=&#8221;initial&#8221; background_position=&#8221;top_left&#8221; background_repeat=&#8221;repeat&#8221;][et_pb_column type=&#8221;4_4&#8243; _builder_version=&#8221;3.0.47&#8243; parallax=&#8221;off&#8221; parallax_method=&#8221;on&#8221;][et_pb_text _builder_version=&#8221;3.19.4&#8243; text_orientation=&#8221;justified&#8221;]<\/p>\n<p><strong style=\"color: #005698;\">Parking AZA<\/strong> es una empresa de <strong style=\"color: #005698;\">Grupo AZA<\/strong> especializada en la explotaci\u00f3n de plazas de aparcamiento en el centro de Valencia. En la actualidad contamos con tres aparcamientos:<\/p>\n<p>[\/et_pb_text][\/et_pb_column][\/et_pb_row][\/et_pb_section][et_pb_section fb_built=&#8221;1&#8243; _builder_version=&#8221;3.0.47&#8243; custom_padding=&#8221;0|0px|49.8px|0px|false|false&#8221;][et_pb_row custom_padding=&#8221;19px|0px|24.9px|0px|false|false&#8221; _builder_version=&#8221;3.0.48&#8243; background_size=&#8221;initial&#8221; background_position=&#8221;top_left&#8221; background_repeat=&#8221;repeat&#8221;][et_pb_column type=&#8221;1_2&#8243; _builder_version=&#8221;3.0.47&#8243; parallax=&#8221;off&#8221; parallax_method=&#8221;on&#8221;][et_pb_text _builder_version=&#8221;3.19.4&#8243; text_font_size=&#8221;20px&#8221;]<\/p>\n<p><strong style=\"color: #005698;\">Parking AZA Central<\/strong><\/p>\n<p>[\/et_pb_text][et_pb_text _builder_version=&#8221;3.19.4&#8243;]<\/p>\n<p>C\/ Guill\u00e9n de Castro, 9 y C\/ Cervantes, 9 46007 Valencia Telf. +34 963 527 528 <iframe loading=\"lazy\" src=\"https:\/\/www.google.com\/maps\/embed?pb=!1m18!1m12!1m3!1d3080.039454236047!2d-0.3827216494955477!3d39.46843737938597!2m3!1f0!2f0!3f0!3m2!1i1024!2i768!4f13.1!3m3!1m2!1s0xd604f496d178029%3A0x11edb39836215718!2sCarrer+de+Guillem+de+Castro%2C+9%2C+46001+Val%C3%A8ncia!5e0!3m2!1ses!2ses!4v1548935156949\" width=\"100%\" height=\"350\" frameborder=\"0\" style=\"border: 0;\" allowfullscreen=\"\"><\/iframe><\/p>\n<p>[\/et_pb_text][\/et_pb_column][et_pb_column type=&#8221;1_2&#8243; _builder_version=&#8221;3.0.47&#8243; parallax=&#8221;off&#8221; parallax_method=&#8221;on&#8221;][et_pb_divider show_divider=&#8221;off&#8221; height=&#8221;45px&#8221; _builder_version=&#8221;3.19.4&#8243;]<br \/>\n[\/et_pb_divider][et_pb_text _builder_version=&#8221;3.19.4&#8243; text_orientation=&#8221;justified&#8221;]<\/p>\n<p><strong style=\"color: #005698;\">Parking Central<\/strong>, localizado en la calle Guillem de Castro n\u00ba 9, y con acceso tambi\u00e9n por la calle Cervantes n\u00ba 9, cuenta con tres accesos peatonales, uno de ellos con ascensor, que da servicio a las cuatro plantas y que las hace accesibles a cualquier p\u00fablico. Conforme a los nuevos est\u00e1ndares de eficiencia el parking cuenta con iluminaci\u00f3n LED de bajo consumo y emisiones. Se puede abonar la estancia con tarjeta de cr\u00e9dito, cuenta con vigilancia 24 horas y circuito cerrado de televisi\u00f3n. Cuenta con 305 plazas de aparcamiento con un sistema de guiado mediante se\u00f1ales luminosas que permiten el c\u00f3modo acceso a las plazas disponibles. Est\u00e1 ubicado frente a la delegaci\u00f3n central de Hacienda y comparte inmueble con FNAC Valencia y el Hotel Conqueridor de cuatro estrellas.<\/p>\n<p>[\/et_pb_text][\/et_pb_column][\/et_pb_row][et_pb_row _builder_version=&#8221;3.0.48&#8243; background_size=&#8221;initial&#8221; background_position=&#8221;top_left&#8221; background_repeat=&#8221;repeat&#8221;][et_pb_column type=&#8221;1_2&#8243; _builder_version=&#8221;3.0.47&#8243; parallax=&#8221;off&#8221; parallax_method=&#8221;on&#8221;][et_pb_divider show_divider=&#8221;off&#8221; height=&#8221;55px&#8221; _builder_version=&#8221;3.19.4&#8243;]<br \/>\n[\/et_pb_divider][et_pb_text admin_label=&#8221; t largo&#8221; _builder_version=&#8221;3.19.4&#8243; text_orientation=&#8221;justified&#8221;]<\/p>\n<p><strong style=\"color: #005698;\">Parking Col\u00f3n<\/strong>, localizado en la calle Col\u00f3n n\u00ba 6 y con acceso tambi\u00e9n por la calle Cirilo Amor\u00f3s n\u00ba 3, cuenta con dos accesos peatonales, uno de ellos con ascensor, que da servicio a las cuatro plantas y que las hace accesibles a cualquier p\u00fablico. Inaugurado en 2013, cuenta con las \u00faltimas tecnolog\u00edas tanto en iluminaci\u00f3n, seguridad, ventilaci\u00f3n, as\u00ed como las plazas de aparcamiento m\u00e1s anchas de Valencia (2,5 metros). Da servicio de aparcamiento a multitud de empresas y comercios de la zona (El Corte Ingl\u00e9s, Apple Store, Mango, Grupo Inditex, Hotel AC Marriot Col\u00f3n, Media-Markt y la plaza de Toros de Valencia), tanto proveyendo de abonos mensuales, como de descuentos de cortes\u00eda para los clientes y adem\u00e1s ofrece un novedoso sistema de pago con descuento basado en una tarjeta recargable que funciona por proximidad y evita tener que pasar por caja. Dispone de 350 plazas distribuidas en cuatro s\u00f3tanos. Comparte inmueble con el prestigioso hotel AC Marriot Col\u00f3n y con el local comercial de 3.800 m2 que ocupa Media-Markt, a los que tambi\u00e9n presta servicio.<\/p>\n<p>[\/et_pb_text][\/et_pb_column][et_pb_column type=&#8221;1_2&#8243; _builder_version=&#8221;3.0.47&#8243; parallax=&#8221;off&#8221; parallax_method=&#8221;on&#8221;][et_pb_text admin_label=&#8221;T\u00edtulo&#8221; _builder_version=&#8221;3.19.4&#8243; text_font_size=&#8221;20px&#8221;]<\/p>\n<p><strong style=\"color: #005698;\">Parking Col\u00f3n<\/strong><\/p>\n<p>[\/et_pb_text][et_pb_text _builder_version=&#8221;3.19.4&#8243;]<\/p>\n<p>C\/ Col\u00f3n, 6 y C\/ Cirilo Amor\u00f3s, 3 46004 Valencia Telf.+34 963 570 157 <iframe loading=\"lazy\" src=\"https:\/\/www.google.com\/maps\/embed?pb=!1m18!1m12!1m3!1d3080.0944736595516!2d-0.376504949495564!3d39.467194379386115!2m3!1f0!2f0!3f0!3m2!1i1024!2i768!4f13.1!3m3!1m2!1s0xd6048b52f8e2c2d%3A0x262c753066b5aac!2sCalle+Col%C3%B3n%2C+6%2C+46004+Valencia!5e0!3m2!1ses!2ses!4v1548935210823\" width=\"100%\" height=\"350\" frameborder=\"0\" style=\"border: 0;\" allowfullscreen=\"\"><\/iframe><\/p>\n<p>[\/et_pb_text][\/et_pb_column][\/et_pb_row][et_pb_row _builder_version=&#8221;3.0.48&#8243; background_size=&#8221;initial&#8221; background_position=&#8221;top_left&#8221; background_repeat=&#8221;repeat&#8221;][et_pb_column type=&#8221;1_2&#8243; _builder_version=&#8221;3.0.47&#8243; parallax=&#8221;off&#8221; parallax_method=&#8221;on&#8221;][et_pb_text _builder_version=&#8221;3.19.4&#8243; text_font_size=&#8221;20px&#8221;]<\/p>\n<p><strong style=\"color: #005698;\">Parking Ruzafa<\/strong><\/p>\n<p>[\/et_pb_text][et_pb_text _builder_version=&#8221;3.19.4&#8243;]<\/p>\n<p>C\/ Ruzafa, 16 y C\/ Gral. San Mart\u00edn, 13 46004 Valencia Telf. +34 963 223 192 <iframe loading=\"lazy\" style=\"border: 0;\" src=\"https:\/\/www.google.com\/maps\/embed?pb=!1m18!1m12!1m3!1d3080.146046238647!2d-0.37678448520189406!3d39.46602922083119!2m3!1f0!2f0!3f0!3m2!1i1024!2i768!4f13.1!3m3!1m2!1s0xd6048b54ea0f875%3A0x6d21738831f5e5c8!2sParking+Aza+Ruzafa!5e0!3m2!1ses!2ses!4v1547209548242\" allowfullscreen=\"allowfullscreen\" width=\"100%\" height=\"350\" frameborder=\"0\"><\/iframe><\/p>\n<p>[\/et_pb_text][\/et_pb_column][et_pb_column type=&#8221;1_2&#8243; _builder_version=&#8221;3.0.47&#8243; parallax=&#8221;off&#8221; parallax_method=&#8221;on&#8221;][et_pb_divider show_divider=&#8221;off&#8221; height=&#8221;45px&#8221; _builder_version=&#8221;3.19.4&#8243;]<br \/>\n[\/et_pb_divider][et_pb_text _builder_version=&#8221;3.19.4&#8243; text_orientation=&#8221;justified&#8221;]<\/p>\n<p><strong style=\"color: #005698;\">Parking Ruzafa<\/strong>, el proyecto m\u00e1s reciente. Sobre el antiguo aparcamiento de superficie se ha construido un nuevo parking que cuenta con cuatro s\u00f3tanos que albergan 750 plazas de aparcamiento, teniendo acceso por la calle Ruzafa n\u00ba16 y por la calle General San Mart\u00edn, 13. Adem\u00e1s en la superficie AZA Valencia Inmuebles ha construido y puesto en funcionamiento 10.000 m2 de locales comerciales y una plaza p\u00fablica que une la calle Ruzafa con el emblem\u00e1tico Pasaje Doctor Serra. Como el resto de parkings del Grupo, tambi\u00e9n cuenta con la exitosa Tarjeta Recargable y con unos novedosos puntos inform\u00e1ticos en la entrada que permiten localizar la plaza donde hemos aparcado nuestro coche.<\/p>\n<p>[\/et_pb_text][\/et_pb_column][\/et_pb_row][\/et_pb_section][:en _i=&#8221;4&#8243; _address=&#8221;4&#8243; \/][et_pb_section fb_built=&#8221;1&#8243; module_id=&#8221;home&#8221; _builder_version=&#8221;3.18.7&#8243; custom_padding=&#8221;0px|0px|0px|0px&#8221;][et_pb_row use_custom_width=&#8221;on&#8221; width_unit=&#8221;off&#8221; custom_width_percent=&#8221;100%&#8221; custom_padding=&#8221;0px|0px|0px|0px&#8221; _builder_version=&#8221;3.0.105&#8243; background_size=&#8221;initial&#8221; background_position=&#8221;top_left&#8221; background_repeat=&#8221;repeat&#8221;][et_pb_column type=&#8221;4_4&#8243; _builder_version=&#8221;3.0.47&#8243; parallax=&#8221;off&#8221; parallax_method=&#8221;on&#8221;][et_pb_video src=&#8221;https:\/\/grupoaza.es\/wp-content\/uploads\/2019\/01\/parkingF.mp4&#8243; image_src=&#8221;https:\/\/grupoaza.es\/wp-content\/uploads\/2019\/01\/video.png&#8221; _builder_version=&#8221;3.19.4&#8243;]<br \/>\n[\/et_pb_video][\/et_pb_column][\/et_pb_row][\/et_pb_section][et_pb_section fb_built=&#8221;1&#8243; _builder_version=&#8221;3.0.47&#8243; custom_padding=&#8221;0|0px|0|0px|false|false&#8221;][et_pb_row custom_padding=&#8221;24.7667px|0px|0|0px|false|false&#8221; _builder_version=&#8221;3.0.48&#8243; background_size=&#8221;initial&#8221; background_position=&#8221;top_left&#8221; background_repeat=&#8221;repeat&#8221;][et_pb_column type=&#8221;4_4&#8243; _builder_version=&#8221;3.0.47&#8243; parallax=&#8221;off&#8221; parallax_method=&#8221;on&#8221;][et_pb_text _builder_version=&#8221;3.19.4&#8243; text_font_size=&#8221;24px&#8221;]<\/p>\n<p><strong style=\"color: #005698;\">Parkings<\/strong><\/p>\n<p>[\/et_pb_text][\/et_pb_column][\/et_pb_row][et_pb_row custom_padding=&#8221;10px|0px|0|0px|false|false&#8221; _builder_version=&#8221;3.0.48&#8243; background_size=&#8221;initial&#8221; background_position=&#8221;top_left&#8221; background_repeat=&#8221;repeat&#8221;][et_pb_column type=&#8221;4_4&#8243; _builder_version=&#8221;3.0.47&#8243; parallax=&#8221;off&#8221; parallax_method=&#8221;on&#8221;][et_pb_text _builder_version=&#8221;3.19.4&#8243; text_orientation=&#8221;justified&#8221;]<\/p>\n<p><strong style=\"color: #005698;\">Parking AZA<\/strong> is a group company managing parking lots in the city center of Valencia. Nowadays three parking areas are available:<\/p>\n<p>[\/et_pb_text][\/et_pb_column][\/et_pb_row][\/et_pb_section][et_pb_section fb_built=&#8221;1&#8243; _builder_version=&#8221;3.0.47&#8243; custom_padding=&#8221;0|0px|49.8px|0px|false|false&#8221;][et_pb_row custom_padding=&#8221;19px|0px|24.9px|0px|false|false&#8221; _builder_version=&#8221;3.0.48&#8243; background_size=&#8221;initial&#8221; background_position=&#8221;top_left&#8221; background_repeat=&#8221;repeat&#8221;][et_pb_column type=&#8221;1_2&#8243; _builder_version=&#8221;3.0.47&#8243; parallax=&#8221;off&#8221; parallax_method=&#8221;on&#8221;][et_pb_text _builder_version=&#8221;3.19.4&#8243; text_font_size=&#8221;20px&#8221;]<\/p>\n<p><strong style=\"color: #005698;\">Central AZA Parking<\/strong><\/p>\n<p>[\/et_pb_text][et_pb_text _builder_version=&#8221;3.19.4&#8243;]<\/p>\n<p>C\/ Guill\u00e9n de Castro, 9 y C\/ Cervantes, 9 46007 Valencia Phone. +34 96 352 75 28 <iframe loading=\"lazy\" src=\"https:\/\/www.google.com\/maps\/embed?pb=!1m18!1m12!1m3!1d3080.039454236047!2d-0.3827216494955477!3d39.46843737938597!2m3!1f0!2f0!3f0!3m2!1i1024!2i768!4f13.1!3m3!1m2!1s0xd604f496d178029%3A0x11edb39836215718!2sCarrer+de+Guillem+de+Castro%2C+9%2C+46001+Val%C3%A8ncia!5e0!3m2!1ses!2ses!4v1548935156949\" width=\"100%\" height=\"350\" frameborder=\"0\" style=\"border:0\" allowfullscreen><\/iframe><\/p>\n<p>[\/et_pb_text][\/et_pb_column][et_pb_column type=&#8221;1_2&#8243; _builder_version=&#8221;3.0.47&#8243; parallax=&#8221;off&#8221; parallax_method=&#8221;on&#8221;][et_pb_divider show_divider=&#8221;off&#8221; height=&#8221;45px&#8221; _builder_version=&#8221;3.19.4&#8243;]<br \/>\n[\/et_pb_divider][et_pb_text _builder_version=&#8221;3.19.4&#8243; text_orientation=&#8221;justified&#8221;]<\/p>\n<p><strong style=\"color: #005698;\">Central Parking<\/strong>, located at 9, Guillem de Castro Street, and accessible also by 9, Cervantes Street. It has three pedestrian entrances, one with a lift which serves all four floors and makes them accessible to the public.<br \/>\nJustifying new energy efficient standards, this parking has LED energy-saving and low emissions. Payable by credit card, and has 24 hour security and CCTV.<br \/>\nIt has 305 parking spaces with a guidance system by light signals, that allow convenient access to places available.<br \/>\nIt is located opposite the central delegation of Finance and shares property with FNAC Valencia and the Four-Star Hotel Conqueridor.<\/p>\n<p>[\/et_pb_text][\/et_pb_column][\/et_pb_row][et_pb_row _builder_version=&#8221;3.0.48&#8243; background_size=&#8221;initial&#8221; background_position=&#8221;top_left&#8221; background_repeat=&#8221;repeat&#8221;][et_pb_column type=&#8221;1_2&#8243; _builder_version=&#8221;3.0.47&#8243; parallax=&#8221;off&#8221; parallax_method=&#8221;on&#8221;][et_pb_divider show_divider=&#8221;off&#8221; height=&#8221;55px&#8221; _builder_version=&#8221;3.19.4&#8243;]<br \/>\n[\/et_pb_divider][et_pb_text admin_label=&#8221; t largo&#8221; _builder_version=&#8221;3.19.4&#8243; text_orientation=&#8221;justified&#8221;]<\/p>\n<p><strong style=\"color: #005698;\">Colon Parking<\/strong>, located at 6, Colon Street, and accessible also by 3, Cirilo Amoros Street, has two pedestrian entrances one with a lift which serves all four floors and makes them accessible to the public. Opened in December 2012, it features the latest technologies in lighting, security, ventilation, as well as wider parking spaces in Valencia (2.5 meters).<br \/>\nThis parking provides service to many companies and shops in the area like El Corte Ingl\u00e9s, Apple Store, Mango, grupo Inditex and the Valencia Bull Ring, using season tickets, courtesy discounts to customers and also offers a very new payment system based on a rechargeable card that works by proximity and keeps you clear of cash booth.<br \/>\n350 parking lots are available, divided in four basements. It shares property with a prestigious Hotel AC Marriot Col\u00f3n and a shopping center of 3.800 m2 occupied by Media-Markt, to those who also serve.<\/p>\n<p>[\/et_pb_text][\/et_pb_column][et_pb_column type=&#8221;1_2&#8243; _builder_version=&#8221;3.0.47&#8243; parallax=&#8221;off&#8221; parallax_method=&#8221;on&#8221;][et_pb_text admin_label=&#8221;T\u00edtulo&#8221; _builder_version=&#8221;3.19.4&#8243; text_font_size=&#8221;20px&#8221;]<\/p>\n<p><strong style=\"color: #005698;\">Colon Parking<\/strong><\/p>\n<p>[\/et_pb_text][et_pb_text _builder_version=&#8221;3.19.4&#8243;]<\/p>\n<p>C\/ Col\u00f3n, 6 y C\/ Cirilo Amor\u00f3s, 3 46004 Valencia Phone.+34 96 357 01 57 <iframe loading=\"lazy\" src=\"https:\/\/www.google.com\/maps\/embed?pb=!1m18!1m12!1m3!1d3080.0944736595516!2d-0.376504949495564!3d39.467194379386115!2m3!1f0!2f0!3f0!3m2!1i1024!2i768!4f13.1!3m3!1m2!1s0xd6048b52f8e2c2d%3A0x262c753066b5aac!2sCalle+Col%C3%B3n%2C+6%2C+46004+Valencia!5e0!3m2!1ses!2ses!4v1548935210823\" width=\"100%\" height=\"350\" frameborder=\"0\" style=\"border:0\" allowfullscreen><\/iframe><\/p>\n<p>[\/et_pb_text][\/et_pb_column][\/et_pb_row][et_pb_row _builder_version=&#8221;3.0.48&#8243; background_size=&#8221;initial&#8221; background_position=&#8221;top_left&#8221; background_repeat=&#8221;repeat&#8221;][et_pb_column type=&#8221;1_2&#8243; _builder_version=&#8221;3.0.47&#8243; parallax=&#8221;off&#8221; parallax_method=&#8221;on&#8221;][et_pb_text _builder_version=&#8221;3.19.4&#8243; text_font_size=&#8221;20px&#8221;]<\/p>\n<p><strong style=\"color: #005698;\">Ruzafa Parking<\/strong><\/p>\n<p>[\/et_pb_text][et_pb_text _builder_version=&#8221;3.19.4&#8243;]<\/p>\n<p>C\/ Ruzafa, 16 y C\/ Gral. San Mart\u00edn, 13 46004 Valencia Phone. +34 963 223 192 <iframe loading=\"lazy\" style=\"border: 0;\" src=\"https:\/\/www.google.com\/maps\/embed?pb=!1m18!1m12!1m3!1d3080.146046238647!2d-0.37678448520189406!3d39.46602922083119!2m3!1f0!2f0!3f0!3m2!1i1024!2i768!4f13.1!3m3!1m2!1s0xd6048b54ea0f875%3A0x6d21738831f5e5c8!2sParking+Aza+Ruzafa!5e0!3m2!1ses!2ses!4v1547209548242\" allowfullscreen=\"allowfullscreen\" width=\"100%\" height=\"350\" frameborder=\"0\"><\/iframe><\/p>\n<p>[\/et_pb_text][\/et_pb_column][et_pb_column type=&#8221;1_2&#8243; _builder_version=&#8221;3.0.47&#8243; parallax=&#8221;off&#8221; parallax_method=&#8221;on&#8221;][et_pb_divider show_divider=&#8221;off&#8221; height=&#8221;45px&#8221; _builder_version=&#8221;3.19.4&#8243;]<br \/>\n[\/et_pb_divider][et_pb_text _builder_version=&#8221;3.19.4&#8243; text_orientation=&#8221;justified&#8221;]<\/p>\n<p><strong style=\"color: #005698;\">Ruzafa Parking<\/strong>, is our most recent Project. Over the previous lot area we\u2019ve build a new one, which has four basements with 750 parking spaces, having access through Ruzafa street n\u00ba16 and down the street General San Mart\u00edn, 13. And besides on the top a 10.000m2 of trade premises and a public place has been designed that will join Ruzafa to the emblematic Passageway Doctor Serra. As the rest of the Group parkings, this also has the succesful rechargeable card, and new electronic info standups at the entries that allow users to locate where their cars are parked.<\/p>\n<p>[\/et_pb_text][\/et_pb_column][\/et_pb_row][\/et_pb_section][: _i=&#8221;8&#8243; _address=&#8221;8&#8243; \/]<\/p>","protected":false},"excerpt":{"rendered":"<p>[:es _i=&#8221;0&#8243; _address=&#8221;0&#8243; \/][et_pb_section fb_built=&#8221;1&#8243; module_id=&#8221;home&#8221; _builder_version=&#8221;3.18.7&#8243; custom_padding=&#8221;0px|0px|0px|0px&#8221;][et_pb_row use_custom_width=&#8221;on&#8221; width_unit=&#8221;off&#8221; custom_width_percent=&#8221;100%&#8221; custom_padding=&#8221;0px|0px|0px|0px&#8221; _builder_version=&#8221;3.0.105&#8243; background_size=&#8221;initial&#8221; background_position=&#8221;top_left&#8221; background_repeat=&#8221;repeat&#8221;][et_pb_column type=&#8221;4_4&#8243; _builder_version=&#8221;3.0.47&#8243; parallax=&#8221;off&#8221; parallax_method=&#8221;on&#8221;][et_pb_video src=&#8221;https:\/\/grupoaza.es\/wp-content\/uploads\/2019\/01\/parkingF.mp4&#8243; image_src=&#8221;https:\/\/grupoaza.es\/wp-content\/uploads\/2019\/01\/video.png&#8221; _builder_version=&#8221;3.19.4&#8243;] [\/et_pb_video][\/et_pb_column][\/et_pb_row][\/et_pb_section][et_pb_section fb_built=&#8221;1&#8243; _builder_version=&#8221;3.0.47&#8243; custom_padding=&#8221;0|0px|0|0px|false|false&#8221;][et_pb_row custom_padding=&#8221;24.7667px|0px|0|0px|false|false&#8221; _builder_version=&#8221;3.0.48&#8243; background_size=&#8221;initial&#8221; background_position=&#8221;top_left&#8221; background_repeat=&#8221;repeat&#8221;][et_pb_column type=&#8221;4_4&#8243; _builder_version=&#8221;3.0.47&#8243; parallax=&#8221;off&#8221; parallax_method=&#8221;on&#8221;][et_pb_text _builder_version=&#8221;3.19.4&#8243; text_font_size=&#8221;24px&#8221;] Parkings [\/et_pb_text][\/et_pb_column][\/et_pb_row][et_pb_row custom_padding=&#8221;10px|0px|0|0px|false|false&#8221; _builder_version=&#8221;3.0.48&#8243; background_size=&#8221;initial&#8221; background_position=&#8221;top_left&#8221; background_repeat=&#8221;repeat&#8221;][et_pb_column type=&#8221;4_4&#8243; _builder_version=&#8221;3.0.47&#8243; parallax=&#8221;off&#8221; parallax_method=&#8221;on&#8221;][et_pb_text _builder_version=&#8221;3.19.4&#8243; text_orientation=&#8221;justified&#8221;] Parking AZA es una [&hellip;]<\/p>\n","protected":false},"author":1,"featured_media":0,"parent":0,"menu_order":0,"comment_status":"open","ping_status":"open","template":"","meta":{"_et_pb_use_builder":"on","_et_pb_old_content":"<p>[separator top=\"15\"]<\/p><p>[title size=\"2\"]<span style=\"color: #005698;\">Parkings<\/span>[\/title]<\/p><p>Parking AZA es una empresa del grupo especializada en la explotaci\u00f3n de plazas de aparcamiento en el centro de Valencia. En la actualidad contamos con tres aparcamientos:<\/p><p>Parking Central, localizado en la calle Guillem de Castro n\u00ba 9, y con acceso tambi\u00e9n por la calle Cervantes n\u00ba 9, cuenta con tres accesos peatonales, uno de ellos con ascensor, que da servicio a las cuatro plantas y que las hace accesibles a cualquier p\u00fablico.<\/p><p>Conforme a las nuevos est\u00e1ndares de eficiencia el parking cuenta con iluminaci\u00f3n LED de bajo consumo y emisiones.<\/p><p>Se puede abonar la estancia con tarjeta de cr\u00e9dito, cuenta con vigilancia 24 horas y circuito cerrado de televisi\u00f3n.<\/p><p>Cuenta con 305 plazas de aparcamiento con un sistema de guiado mediante se\u00f1ales luminosas que permiten el c\u00f3modo acceso a las plazas disponibles.<\/p><p>Est\u00e1 ubicado frente a la delegaci\u00f3n central de Hacienda y comparte inmueble con la FNAC Valencia y el Hotel\u00a0Conqueridor de cuatro estrellas\u00a0.<\/p><p>Parking Col\u00f3n, localizado en la calle Col\u00f3n n\u00ba 6 y con acceso tambi\u00e9n por la calle Cirilo Amor\u00f3s n\u00ba 3, cuenta con dos accesos peatonales, uno de ellos con ascensor,\u00a0que da servicio a las cuatro plantas y que las hace accesibles a cualquier p\u00fablico.<\/p><p>Inaugurado en 2013, cuenta con las \u00faltimas tecnolog\u00edas tanto en iluminaci\u00f3n, seguridad, ventilaci\u00f3n, as\u00ed como las plazas de aparcamiento m\u00e1s anchas de Valencia (2,5 metros).<\/p><p>Da servicio de aparcamiento a multitud de empresas y comercios de la zona (El Corte Ingl\u00e9s, Apple Store, Mango, Grupo Inditex y la plaza de Toros de Valencia), tanto proveyendo de abonos mensuales, como de descuentos de cortes\u00eda para los clientes y adem\u00e1s ofrece un novedoso sistema de pago con descuento basado en una tarjeta recargable que funciona por proximidad y evita tener que pasar por caja.<\/p><p>Dispone de 350 plazas distribuidas en cuatro s\u00f3tanos.<\/p><p>Comparte inmueble con un prestigioso Hotel y un local comercial de 3.800 m2.<\/p><p>Parking Ruzafa, el proyecto m\u00e1s reciente. Sobre el antiguo aparcamiento de superficie se ha construido\u00a0un nuevo parking que cuenta con cuatro s\u00f3tanos que albergan 750 plazas de aparcamiento, adem\u00e1s en la superficie est\u00e1n proyectados 10.000 m2 de locales comerciales y una plaza p\u00fablica que une la calle Ruzafa con el emblem\u00e1tico Pasaje Doctor Serra.<\/p><p>\u00a0<\/p><p>\u00a0<\/p>"},"_links":{"self":[{"href":"https:\/\/grupoaza.es\/en\/wp-json\/wp\/v2\/pages\/3684"}],"collection":[{"href":"https:\/\/grupoaza.es\/en\/wp-json\/wp\/v2\/pages"}],"about":[{"href":"https:\/\/grupoaza.es\/en\/wp-json\/wp\/v2\/types\/page"}],"author":[{"embeddable":true,"href":"https:\/\/grupoaza.es\/en\/wp-json\/wp\/v2\/users\/1"}],"replies":[{"embeddable":true,"href":"https:\/\/grupoaza.es\/en\/wp-json\/wp\/v2\/comments?post=3684"}],"version-history":[{"count":33,"href":"https:\/\/grupoaza.es\/en\/wp-json\/wp\/v2\/pages\/3684\/revisions"}],"predecessor-version":[{"id":5765,"href":"https:\/\/grupoaza.es\/en\/wp-json\/wp\/v2\/pages\/3684\/revisions\/5765"}],"wp:attachment":[{"href":"https:\/\/grupoaza.es\/en\/wp-json\/wp\/v2\/media?parent=3684"}],"curies":[{"name":"wp","href":"https:\/\/api.w.org\/{rel}","templated":true}]}}