{"id":3639,"date":"2013-12-31T09:45:57","date_gmt":"2013-05-20T16:42:56","guid":{"rendered":"http:\/\/www.grupoaza.es\/?page_id=3639"},"modified":"2021-12-16T14:34:58","modified_gmt":"2021-12-16T14:34:58","slug":"directorio-localizaciones","status":"publish","type":"page","link":"https:\/\/grupoaza.es\/en\/location\/","title":{"rendered":"Location"},"content":{"rendered":"<p>[et_pb_section bb_built=&#8221;1&#8243; module_id=&#8221;home&#8221; _builder_version=&#8221;3.18.7&#8243; custom_padding=&#8221;0px|0px|0px|0px&#8221; next_background_color=&#8221;#000000&#8243;][et_pb_row use_custom_width=&#8221;on&#8221; width_unit=&#8221;off&#8221; custom_width_percent=&#8221;100%&#8221; custom_padding=&#8221;0px|0px|0px|0px&#8221; _builder_version=&#8221;3.0.105&#8243; background_size=&#8221;initial&#8221; background_position=&#8221;top_left&#8221; background_repeat=&#8221;repeat&#8221;][et_pb_column type=&#8221;4_4&#8243;][et_pb_slider _builder_version=&#8221;3.19.4&#8243;][et_pb_slide use_bg_overlay=&#8221;off&#8221; use_text_overlay=&#8221;off&#8221; _builder_version=&#8221;3.19.4&#8243; background_color=&#8221;rgba(196,196,196,0)&#8221; background_image=&#8221;https:\/\/grupoaza.es\/wp-content\/uploads\/2019\/02\/localizaciones.jpg&#8221; button_on_hover=&#8221;on&#8221; button_link=&#8221;#&#8221; url_new_window=&#8221;off&#8221; link_option_url_new_window=&#8221;off&#8221; use_background_color_gradient=&#8221;off&#8221; background_color_gradient_start=&#8221;#2b87da&#8221; background_color_gradient_end=&#8221;#29c4a9&#8243; background_color_gradient_type=&#8221;linear&#8221; background_color_gradient_direction=&#8221;180deg&#8221; background_color_gradient_direction_radial=&#8221;center&#8221; background_color_gradient_start_position=&#8221;0%&#8221; background_color_gradient_end_position=&#8221;100%&#8221; background_color_gradient_overlays_image=&#8221;off&#8221; parallax=&#8221;off&#8221; parallax_method=&#8221;on&#8221; background_size=&#8221;cover&#8221; background_position=&#8221;center&#8221; background_repeat=&#8221;no-repeat&#8221; background_blend=&#8221;normal&#8221; allow_player_pause=&#8221;off&#8221; background_video_pause_outside_viewport=&#8221;on&#8221; text_border_radius=&#8221;3&#8243; alignment=&#8221;center&#8221; child_filter_hue_rotate=&#8221;0deg&#8221; child_filter_saturate=&#8221;100%&#8221; child_filter_brightness=&#8221;100%&#8221; child_filter_contrast=&#8221;100%&#8221; child_filter_invert=&#8221;0%&#8221; child_filter_sepia=&#8221;0%&#8221; child_filter_opacity=&#8221;100%&#8221; child_filter_blur=&#8221;0px&#8221; child_mix_blend_mode=&#8221;normal&#8221; background_layout=&#8221;dark&#8221; text_shadow_style=&#8221;none&#8221; header_text_shadow_style=&#8221;none&#8221; body_text_shadow_style=&#8221;none&#8221; custom_button=&#8221;off&#8221; button_bg_use_color_gradient=&#8221;off&#8221; button_bg_color_gradient_overlays_image=&#8221;off&#8221; button_use_icon=&#8221;on&#8221; button_text_shadow_style=&#8221;none&#8221; box_shadow_style_button=&#8221;none&#8221; hover_transition_duration=&#8221;300ms&#8221; hover_transition_delay=&#8221;0ms&#8221; hover_transition_speed_curve=&#8221;ease&#8221; text_shadow_horizontal_length=&#8221;0em&#8221; text_shadow_vertical_length=&#8221;0em&#8221; text_shadow_blur_strength=&#8221;0em&#8221; header_text_shadow_horizontal_length=&#8221;0em&#8221; header_text_shadow_vertical_length=&#8221;0em&#8221; header_text_shadow_blur_strength=&#8221;0em&#8221; body_text_shadow_horizontal_length=&#8221;0em&#8221; body_text_shadow_vertical_length=&#8221;0em&#8221; body_text_shadow_blur_strength=&#8221;0em&#8221; button_text_shadow_horizontal_length=&#8221;0em&#8221; button_text_shadow_vertical_length=&#8221;0em&#8221; button_text_shadow_blur_strength=&#8221;0em&#8221; \/][\/et_pb_slider][\/et_pb_column][\/et_pb_row][\/et_pb_section][et_pb_section bb_built=&#8221;1&#8243; _builder_version=&#8221;3.0.47&#8243; custom_padding=&#8221;0|0px|0|0px|false|false&#8221; prev_background_color=&#8221;#000000&#8243;][et_pb_row custom_padding=&#8221;24.7667px|0px|17px|0px|false|false&#8221; _builder_version=&#8221;3.0.48&#8243; background_size=&#8221;initial&#8221; background_position=&#8221;top_left&#8221; background_repeat=&#8221;repeat&#8221;][et_pb_column type=&#8221;4_4&#8243;][et_pb_text _builder_version=&#8221;3.19.4&#8243; text_font_size=&#8221;24px&#8221;]<\/p>\n<p><strong style=\"color: #005698;\">LOCATION<\/strong><\/p>\n<p>[\/et_pb_text][\/et_pb_column][\/et_pb_row][et_pb_row][et_pb_column type=&#8221;4_4&#8243;][et_pb_text _builder_version=&#8221;3.19.4&#8243;]<\/p>\n<div id=\"ppm-tabs\"><h3>GRUPO AZA<\/h3><div><div class=\"tab_content\"><strong>GRUPO AZA<\/strong> Avda. Reino de Valencia, 2-1\u00ba (entrada por C\/ Ruzafa, 31 Ac.), 46005 &#8211; Valencia  Phone. +34 960 141 200 <iframe src=\"https:\/\/www.google.com\/maps\/embed?pb=!1m18!1m12!1m3!1d3080.205039279052!2d-0.3755160851272221!3d39.46469637948712!2m3!1f0!2f0!3f0!3m2!1i1024!2i768!4f13.1!3m3!1m2!1s0xd6048ca9af75871%3A0x9fef8b23fcb01f9f!2sAv.%20del%20Reino%20de%20Valencia%2C%202%2C%2046005%20Valencia!5e0!3m2!1ses!2ses!4v1639664767121!5m2!1ses!2ses\" style=\"border:0;\" allowfullscreen=\"\" loading=\"lazy\" width=\"100%\" height=\"450\"><\/iframe><\/div><\/div><\/p>\n<p><h3>AZA LOGISTICS SAGUNTO<\/h3><div><div class=\"tab_content\">C\/ Madame Curie, 10, 46520-Sagunto (Valencia) Phone. +34  961 226 058 <iframe src=\"https:\/\/www.google.com\/maps\/embed?pb=!1m18!1m12!1m3!1d3071.361147209229!2d-0.255038685119871!3d39.664089979459774!2m3!1f0!2f0!3f0!3m2!1i1024!2i768!4f13.1!3m3!1m2!1s0xd60153f4cd1cf81%3A0x8123c7c2e3ed20c1!2sAZA%20Logistics%20-%20Sagunto!5e0!3m2!1ses!2ses!4v1639664934582!5m2!1ses!2ses\" style=\"border:0;\" allowfullscreen=\"\" loading=\"lazy\" width=\"100%\" height=\"350\"><\/iframe><\/div><\/div> <\/p>\n<p><h3>AZA LOGISTICS ALMUSAFFES<\/h3><div><div class=\"tab_content\">C\/ Henry Ford, 6 (Pol.Ind.Juan Carlos I) 46440 Almussafes (Valencia) Phone. +34 961 226 058 <iframe loading=\"lazy\" style=\"border: 0;\" src=\"https:\/\/www.google.com\/maps\/embed?pb=!1m18!1m12!1m3!1d6167.34266134698!2d-0.40412848621264547!3d39.386315527595855!2m3!1f0!2f0!3f0!3m2!1i1024!2i768!4f13.1!3m3!1m2!1s0xd61b31d02298b05%3A0xe48947a9aed41bb1!2sAza+Logistics+Sl!5e0!3m2!1ses!2ses!4v1548871374381\" allowfullscreen=\"allowfullscreen\" width=\"100%\" height=\"350\" frameborder=\"0\"><\/iframe><\/div><\/div> <\/p>\n<p><h3>AZA VALENCIA INMUEBLES<\/h3><div><div class=\"tab_content\">Avda. Reino de Valencia, 2-1\u00ba (entrada por C\/ Ruzafa, 31 Ac.), 46005 &#8211; Valencia Phone. +34 960 141 200 <iframe src=\"https:\/\/www.google.com\/maps\/embed?pb=!1m18!1m12!1m3!1d3080.205039279052!2d-0.3755160851272221!3d39.46469637948712!2m3!1f0!2f0!3f0!3m2!1i1024!2i768!4f13.1!3m3!1m2!1s0xd6048ca9af75871%3A0x9fef8b23fcb01f9f!2sAv.%20del%20Reino%20de%20Valencia%2C%202%2C%2046005%20Valencia!5e0!3m2!1ses!2ses!4v1639664767121!5m2!1ses!2ses\" style=\"border:0;\" allowfullscreen=\"\" loading=\"lazy\" width=\"100%\" height=\"450\"><\/iframe> <\/div><\/div> <\/p>\n<p><h3>NA\u00daTICA AZA<\/h3><div><div class=\"tab_content\"><strong>NA\u00daTICA AZA<\/strong> Avenida de la Pista, 14 (Pista de Silla, salida 10) 46470 Massanassa (Valencia) Phone. +34 963 240 099 <iframe loading=\"lazy\" style=\"border: 0;\" src=\"https:\/\/www.google.com\/maps\/embed?pb=!1m18!1m12!1m3!1d3082.7349011700644!2d-0.3853083852038208!3d39.40750322432021!2m3!1f0!2f0!3f0!3m2!1i1024!2i768!4f13.1!3m3!1m2!1s0xd6051d25b6aec15%3A0x844f909bb1e03310!2sN%C3%A1utica+AZA!5e0!3m2!1ses!2ses!4v1547208947498\" allowfullscreen=\"allowfullscreen\" width=\"100%\" height=\"350\" frameborder=\"0\"><\/iframe><\/div><\/div><\/p>\n<p><h3>PARKING AZA CENTRAL<\/h3><div><div class=\"tab_content\"><strong>PARKING AZA CENTRAL<\/strong> C\/ Guill\u00e9n de Castro, 9 y C\/ Cervantes, 9 46007 Valencia Phone. +34 963 527 528 <iframe loading=\"lazy\" style=\"border: 0;\" src=\"https:\/\/www.google.com\/maps\/embed?pb=!1m18!1m12!1m3!1d3080.039454236047!2d-0.3827216494955477!3d39.46843737938597!2m3!1f0!2f0!3f0!3m2!1i1024!2i768!4f13.1!3m3!1m2!1s0xd604f496d178029%3A0x11edb39836215718!2sCarrer+de+Guillem+de+Castro%2C+9%2C+46001+Val%C3%A8ncia!5e0!3m2!1ses!2ses!4v1548935156949\" allowfullscreen=\"allowfullscreen\" width=\"100%\" height=\"350\" frameborder=\"0\"><\/iframe><\/div><\/div><h3>PARKING AZA COL\u00d3N<\/h3><div><div class=\"tab_content\"><strong>PARKING AZA COL\u00d3N<\/strong> C\/ Col\u00f3n, 6 y C\/ Cirilo Amor\u00f3s, 3 46004 Valencia Phone.+34 963 570 157 <iframe loading=\"lazy\" style=\"border: 0;\" src=\"https:\/\/www.google.com\/maps\/embed?pb=!1m18!1m12!1m3!1d3080.0944736595516!2d-0.376504949495564!3d39.467194379386115!2m3!1f0!2f0!3f0!3m2!1i1024!2i768!4f13.1!3m3!1m2!1s0xd6048b52f8e2c2d%3A0x262c753066b5aac!2sCalle+Col%C3%B3n%2C+6%2C+46004+Valencia!5e0!3m2!1ses!2ses!4v1548935210823\" allowfullscreen=\"allowfullscreen\" width=\"100%\" height=\"350\" frameborder=\"0\"><\/iframe><\/div><\/div><h3>PARKING AZA RUZAFA<\/h3><div><div class=\"tab_content\"><strong>PARKING RUZAFA <\/strong> C\/ Ruzafa, 16 y C\/ Gral. San Mart\u00edn, 13 46004 Valencia Phone. +34 963 223 192 <iframe loading=\"lazy\" style=\"border: 0;\" src=\"https:\/\/www.google.com\/maps\/embed?pb=!1m18!1m12!1m3!1d3080.146046238647!2d-0.37678448520189406!3d39.46602922083119!2m3!1f0!2f0!3f0!3m2!1i1024!2i768!4f13.1!3m3!1m2!1s0xd6048b54ea0f875%3A0x6d21738831f5e5c8!2sParking+Aza+Ruzafa!5e0!3m2!1ses!2ses!4v1547209548242\" allowfullscreen=\"allowfullscreen\" width=\"100%\" height=\"350\" frameborder=\"0\"><\/iframe><\/div><\/div><\/div>\n<p>[\/et_pb_text][\/et_pb_column][\/et_pb_row][\/et_pb_section]<\/p>","protected":false},"excerpt":{"rendered":"<p>[et_pb_section bb_built=&#8221;1&#8243; module_id=&#8221;home&#8221; _builder_version=&#8221;3.18.7&#8243; custom_padding=&#8221;0px|0px|0px|0px&#8221; next_background_color=&#8221;#000000&#8243;][et_pb_row use_custom_width=&#8221;on&#8221; width_unit=&#8221;off&#8221; custom_width_percent=&#8221;100%&#8221; custom_padding=&#8221;0px|0px|0px|0px&#8221; _builder_version=&#8221;3.0.105&#8243; background_size=&#8221;initial&#8221; background_position=&#8221;top_left&#8221; background_repeat=&#8221;repeat&#8221;][et_pb_column type=&#8221;4_4&#8243;][et_pb_slider _builder_version=&#8221;3.19.4&#8243;][et_pb_slide use_bg_overlay=&#8221;off&#8221; use_text_overlay=&#8221;off&#8221; _builder_version=&#8221;3.19.4&#8243; background_color=&#8221;rgba(196,196,196,0)&#8221; background_image=&#8221;https:\/\/grupoaza.es\/wp-content\/uploads\/2019\/02\/localizaciones.jpg&#8221; button_on_hover=&#8221;on&#8221; button_link=&#8221;#&#8221; url_new_window=&#8221;off&#8221; link_option_url_new_window=&#8221;off&#8221; use_background_color_gradient=&#8221;off&#8221; background_color_gradient_start=&#8221;#2b87da&#8221; background_color_gradient_end=&#8221;#29c4a9&#8243; background_color_gradient_type=&#8221;linear&#8221; background_color_gradient_direction=&#8221;180deg&#8221; background_color_gradient_direction_radial=&#8221;center&#8221; background_color_gradient_start_position=&#8221;0%&#8221; background_color_gradient_end_position=&#8221;100%&#8221; background_color_gradient_overlays_image=&#8221;off&#8221; parallax=&#8221;off&#8221; parallax_method=&#8221;on&#8221; background_size=&#8221;cover&#8221; background_position=&#8221;center&#8221; background_repeat=&#8221;no-repeat&#8221; background_blend=&#8221;normal&#8221; allow_player_pause=&#8221;off&#8221; background_video_pause_outside_viewport=&#8221;on&#8221; text_border_radius=&#8221;3&#8243; alignment=&#8221;center&#8221; child_filter_hue_rotate=&#8221;0deg&#8221; child_filter_saturate=&#8221;100%&#8221; child_filter_brightness=&#8221;100%&#8221; child_filter_contrast=&#8221;100%&#8221; child_filter_invert=&#8221;0%&#8221; child_filter_sepia=&#8221;0%&#8221; child_filter_opacity=&#8221;100%&#8221; child_filter_blur=&#8221;0px&#8221; child_mix_blend_mode=&#8221;normal&#8221; background_layout=&#8221;dark&#8221; text_shadow_style=&#8221;none&#8221; [&hellip;]<\/p>\n","protected":false},"author":1,"featured_media":0,"parent":0,"menu_order":0,"comment_status":"closed","ping_status":"closed","template":"","meta":{"_et_pb_use_builder":"on","_et_pb_old_content":"<p>[separator top=\"10\"][title size=\"2\"]<span style=\"color: #005698;\">DIRECTORIO DE LOCALIZACIONES<\/span>[\/title]<br \/>[accordian]<\/p><p>[toggle title=\"AZA LOGISTICS\" open=\"no\"] <b>AZA LOGISTICS<\/b> C\/ Henry Ford, 6 (Pol.Ind.Juan Carlos I) 46440 Almussafes (Valencia) Telf. 902 011 031[separator top=\"10\"] <iframe src=\"https:\/\/maps.google.es\/maps?ie=UTF8&ll=39.309215,-0.417674&spn=0.014793,0.033023&t=m&z=16&output=embed\" width=\"100%\" height=\"350\" frameborder=\"0\" marginwidth=\"0\" marginheight=\"0\" scrolling=\"no\"><\/iframe> [\/toggle]<\/p><p>[toggle title=\"AZA VALENCIA INMUEBLES\" open=\"yes\"] <b>Autov\u00eda Valencia a Torrent, km 2,2 (Carrer bra\u00e7 del ter\u00e7 s\/n)<\/b> 46210 Picanya (Valencia) Telf. +34 96 159 00 00[separator top=\"10\"] <iframe src=\"https:\/\/maps.google.es\/maps?ie=UTF8&ll=39.440624,-0.428156&spn=0.000,0.000&t=m&z=17&output=embed\" width=\"100%\" height=\"350\" frameborder=\"0\" marginwidth=\"0\" marginheight=\"0\" scrolling=\"no\"><\/iframe>[\/toggle]<\/p><p>[toggle title=\"NAUTICA AZA\" open=\"no\"] <b>NAUTICA AZA<\/b> Autov\u00eda Valencia-Alicante km 8 (Pista de Silla, salida 10) 46470 Massanassa (Valencia) Telf. +34 96 125 09 01[separator top=\"10\"] <iframe src=\"https:\/\/maps.google.es\/maps?ie=UTF8&ll=39.407318,-0.38273&spn=0.00371,0.008256&t=m&z=17&output=embed\" width=\"100%\" height=\"350\" frameborder=\"0\" marginwidth=\"0\" marginheight=\"0\" scrolling=\"no\"><\/iframe> [\/toggle]<\/p><p>[toggle title=\"PARKING AZA CENTRAL\" open=\"no\"] <strong>PARKING AZA CENTRAL<\/strong> C\/ Guill\u00e9n de Castro, 9 y C\/ Cervantes, 9 46007 Valencia Telf. +34 96 352 75 28[separator top=\"10\"] <iframe src=\"https:\/\/maps.google.es\/maps?ie=UTF8&ll=39.468413,-0.379946&spn=0.001853,0.004128&t=m&z=18&output=embed\" width=\"100%\" height=\"350\" frameborder=\"0\" marginwidth=\"0\" marginheight=\"0\" scrolling=\"no\"><\/iframe> [\/toggle]<\/p><p>[toggle title=\"PARKING AZA COL\u00d3N\" open=\"no\"] <b>PARKING AZA COL\u00d3N<\/b> C\/ Col\u00f3n, 6 y C\/ Cirilo Amor\u00f3s, 3 46004 Valencia Telf.+34 \u00a096 357 01 57[separator top=\"10\"] <iframe src=\"https:\/\/maps.google.es\/maps?ie=UTF8&ll=39.467361,-0.374576&spn=0.001853,0.004128&t=m&z=18&output=embed\" width=\"100%\" height=\"350\" frameborder=\"0\" marginwidth=\"0\" marginheight=\"0\" scrolling=\"no\"><\/iframe> [\/toggle]<\/p><p>[toggle title=\"PARKING AZA RUZAFA\" open=\"no\"] <strong>PARKING RUZAFA (En construcci\u00f3n)<\/strong> C\/ Ruzafa, 16 y C\/ Gral. San Mart\u00edn, 13 46004 Valencia Telf. +34 96 357 01 57[separator top=\"10\"] <iframe src=\"https:\/\/maps.google.es\/maps?ie=UTF8&ll=39.466268,-0.374552&spn=0.001853,0.004128&t=m&z=18&output=embed\" width=\"100%\" height=\"350\" frameborder=\"0\" marginwidth=\"0\" marginheight=\"0\" scrolling=\"no\"><\/iframe> [\/toggle] [\/accordian]<\/p>"},"_links":{"self":[{"href":"https:\/\/grupoaza.es\/en\/wp-json\/wp\/v2\/pages\/3639"}],"collection":[{"href":"https:\/\/grupoaza.es\/en\/wp-json\/wp\/v2\/pages"}],"about":[{"href":"https:\/\/grupoaza.es\/en\/wp-json\/wp\/v2\/types\/page"}],"author":[{"embeddable":true,"href":"https:\/\/grupoaza.es\/en\/wp-json\/wp\/v2\/users\/1"}],"replies":[{"embeddable":true,"href":"https:\/\/grupoaza.es\/en\/wp-json\/wp\/v2\/comments?post=3639"}],"version-history":[{"count":41,"href":"https:\/\/grupoaza.es\/en\/wp-json\/wp\/v2\/pages\/3639\/revisions"}],"predecessor-version":[{"id":5536,"href":"https:\/\/grupoaza.es\/en\/wp-json\/wp\/v2\/pages\/3639\/revisions\/5536"}],"wp:attachment":[{"href":"https:\/\/grupoaza.es\/en\/wp-json\/wp\/v2\/media?parent=3639"}],"curies":[{"name":"wp","href":"https:\/\/api.w.org\/{rel}","templated":true}]}}