{"id":3627,"date":"2013-11-26T09:06:39","date_gmt":"2013-05-20T16:39:12","guid":{"rendered":"http:\/\/www.grupoaza.es\/?page_id=3627"},"modified":"2023-02-14T14:23:10","modified_gmt":"2023-02-14T13:23:10","slug":"presidente","status":"publish","type":"page","link":"https:\/\/grupoaza.es\/en\/chairman\/","title":{"rendered":"Chairman"},"content":{"rendered":"<p>[et_pb_section bb_built=&#8221;1&#8243; module_id=&#8221;home&#8221; _builder_version=&#8221;3.18.7&#8243; custom_padding=&#8221;0px|0px|0px|0px&#8221; next_background_color=&#8221;#000000&#8243;][et_pb_row use_custom_width=&#8221;on&#8221; width_unit=&#8221;off&#8221; custom_width_percent=&#8221;100%&#8221; custom_padding=&#8221;0px|0px|0px|0px&#8221; _builder_version=&#8221;3.0.105&#8243; background_size=&#8221;initial&#8221; background_position=&#8221;top_left&#8221; background_repeat=&#8221;repeat&#8221;][et_pb_column type=&#8221;4_4&#8243;][et_pb_slider _builder_version=&#8221;3.19.4&#8243;][et_pb_slide use_bg_overlay=&#8221;off&#8221; use_text_overlay=&#8221;off&#8221; _builder_version=&#8221;3.19.4&#8243; background_color=&#8221;rgba(196,196,196,0)&#8221; background_image=&#8221;https:\/\/grupoaza.es\/wp-content\/uploads\/2019\/01\/el-presidente-21.jpg&#8221; button_on_hover=&#8221;on&#8221; button_link=&#8221;#&#8221; url_new_window=&#8221;off&#8221; link_option_url_new_window=&#8221;off&#8221; use_background_color_gradient=&#8221;off&#8221; background_color_gradient_start=&#8221;#2b87da&#8221; background_color_gradient_end=&#8221;#29c4a9&#8243; background_color_gradient_type=&#8221;linear&#8221; background_color_gradient_direction=&#8221;180deg&#8221; background_color_gradient_direction_radial=&#8221;center&#8221; background_color_gradient_start_position=&#8221;0%&#8221; background_color_gradient_end_position=&#8221;100%&#8221; background_color_gradient_overlays_image=&#8221;off&#8221; parallax=&#8221;off&#8221; parallax_method=&#8221;on&#8221; background_size=&#8221;cover&#8221; background_position=&#8221;center&#8221; background_repeat=&#8221;no-repeat&#8221; background_blend=&#8221;normal&#8221; allow_player_pause=&#8221;off&#8221; background_video_pause_outside_viewport=&#8221;on&#8221; text_border_radius=&#8221;3&#8243; alignment=&#8221;center&#8221; child_filter_hue_rotate=&#8221;0deg&#8221; child_filter_saturate=&#8221;100%&#8221; child_filter_brightness=&#8221;100%&#8221; child_filter_contrast=&#8221;100%&#8221; child_filter_invert=&#8221;0%&#8221; child_filter_sepia=&#8221;0%&#8221; child_filter_opacity=&#8221;100%&#8221; child_filter_blur=&#8221;0px&#8221; child_mix_blend_mode=&#8221;normal&#8221; background_layout=&#8221;dark&#8221; text_shadow_style=&#8221;none&#8221; header_text_shadow_style=&#8221;none&#8221; body_text_shadow_style=&#8221;none&#8221; custom_button=&#8221;off&#8221; button_bg_use_color_gradient=&#8221;off&#8221; button_bg_color_gradient_overlays_image=&#8221;off&#8221; button_use_icon=&#8221;on&#8221; button_text_shadow_style=&#8221;none&#8221; box_shadow_style_button=&#8221;none&#8221; hover_transition_duration=&#8221;300ms&#8221; hover_transition_delay=&#8221;0ms&#8221; hover_transition_speed_curve=&#8221;ease&#8221; \/][\/et_pb_slider][\/et_pb_column][\/et_pb_row][\/et_pb_section][et_pb_section bb_built=&#8221;1&#8243; _builder_version=&#8221;3.0.47&#8243; custom_padding=&#8221;0|0px|0|0px|false|false&#8221; prev_background_color=&#8221;#000000&#8243;][et_pb_row custom_padding=&#8221;24.7667px|0px|17px|0px|false|false&#8221; _builder_version=&#8221;3.0.48&#8243; background_size=&#8221;initial&#8221; background_position=&#8221;top_left&#8221; background_repeat=&#8221;repeat&#8221;][et_pb_column type=&#8221;4_4&#8243;][et_pb_text _builder_version=&#8221;3.19.4&#8243; text_font_size=&#8221;24px&#8221;]<\/p>\n<p><strong style=\"color: #005698;\">Message from Chairman Mr. Alfonso Zamorano Aguado<\/strong><\/p>\n<p>[\/et_pb_text][\/et_pb_column][\/et_pb_row][et_pb_row _builder_version=&#8221;3.0.48&#8243; background_size=&#8221;initial&#8221; background_position=&#8221;top_left&#8221; background_repeat=&#8221;repeat&#8221;][et_pb_column type=&#8221;4_4&#8243;][et_pb_text _builder_version=&#8221;3.19.4&#8243; text_orientation=&#8221;justified&#8221;]<\/p>\n<p>Dear customers, suppliers, collaborators and friends: welcome to Grupo AZA.<\/p>\n<p>In this website we want to introduce you to the companies that constitute our Group, our approach, our history, our services and everything we think may help you to get to know us better.<\/p>\n<p>As the President of this family-owned business group, I know that it is just as important as you being able to know us that we are able to get to know you, so that we can tailor our services to your specific needs. Therefore, this tool is intended to be a two-way communication channel through which we can build our businesses together.<\/p>\n<p>The main strength of our company in the market is, in my opinion, its more than 350 professionals who dedicate their day-to-day efforts and expertise in our companies. In addition, the economic solvency, achieved thanks to the systematic reinvestment of the economic results obtained and a serious and rigorous management, are also a strength to our position in the market.<\/p>\n<p>The most important guarantee for the future that we can offer today is the incorporation to the company of the 4th generation of a family that, with the continuous effort during a century, has been growing alongside its clients, suppliers and collaborators and that today still continues with the same enthusiasm and commitment as at its origins.<\/p>\n<p>With the confidence that we will attend you with honesty, closeness and professionalism, I invite you to place your trust in us for any need that you believe we can solve from Grupo AZA, even those that you are not totally sure we can. I assure you that we will devote our maximum effort to our mutual benefit.<\/p>\n<p>On behalf of this company, which has already celebrated its first centenary, I sincerely acknowledge the support you have given us and I will be happy to be of service to you<span style=\"font-size: inherit;\">.<\/span><\/p>\n<p>Yours faithfully,<\/p>\n<p>[\/et_pb_text][et_pb_text _builder_version=&#8221;3.19.4&#8243; text_orientation=&#8221;center&#8221;]<\/p>\n<p>Alfonso Zamorano Aguado<\/p>\n<p><a href=\"mailto:presidencia@grupoaza.com\">presidencia@grupoaza.com<\/a><\/p>\n<p>[\/et_pb_text][\/et_pb_column][\/et_pb_row][\/et_pb_section]<\/p>","protected":false},"excerpt":{"rendered":"<p>[et_pb_section bb_built=&#8221;1&#8243; module_id=&#8221;home&#8221; _builder_version=&#8221;3.18.7&#8243; custom_padding=&#8221;0px|0px|0px|0px&#8221; next_background_color=&#8221;#000000&#8243;][et_pb_row use_custom_width=&#8221;on&#8221; width_unit=&#8221;off&#8221; custom_width_percent=&#8221;100%&#8221; custom_padding=&#8221;0px|0px|0px|0px&#8221; _builder_version=&#8221;3.0.105&#8243; background_size=&#8221;initial&#8221; background_position=&#8221;top_left&#8221; background_repeat=&#8221;repeat&#8221;][et_pb_column type=&#8221;4_4&#8243;][et_pb_slider _builder_version=&#8221;3.19.4&#8243;][et_pb_slide use_bg_overlay=&#8221;off&#8221; use_text_overlay=&#8221;off&#8221; _builder_version=&#8221;3.19.4&#8243; background_color=&#8221;rgba(196,196,196,0)&#8221; background_image=&#8221;https:\/\/grupoaza.es\/wp-content\/uploads\/2019\/01\/el-presidente-21.jpg&#8221; button_on_hover=&#8221;on&#8221; button_link=&#8221;#&#8221; url_new_window=&#8221;off&#8221; link_option_url_new_window=&#8221;off&#8221; use_background_color_gradient=&#8221;off&#8221; background_color_gradient_start=&#8221;#2b87da&#8221; background_color_gradient_end=&#8221;#29c4a9&#8243; background_color_gradient_type=&#8221;linear&#8221; background_color_gradient_direction=&#8221;180deg&#8221; background_color_gradient_direction_radial=&#8221;center&#8221; background_color_gradient_start_position=&#8221;0%&#8221; background_color_gradient_end_position=&#8221;100%&#8221; background_color_gradient_overlays_image=&#8221;off&#8221; parallax=&#8221;off&#8221; parallax_method=&#8221;on&#8221; background_size=&#8221;cover&#8221; background_position=&#8221;center&#8221; background_repeat=&#8221;no-repeat&#8221; background_blend=&#8221;normal&#8221; allow_player_pause=&#8221;off&#8221; background_video_pause_outside_viewport=&#8221;on&#8221; text_border_radius=&#8221;3&#8243; alignment=&#8221;center&#8221; child_filter_hue_rotate=&#8221;0deg&#8221; child_filter_saturate=&#8221;100%&#8221; child_filter_brightness=&#8221;100%&#8221; child_filter_contrast=&#8221;100%&#8221; child_filter_invert=&#8221;0%&#8221; child_filter_sepia=&#8221;0%&#8221; child_filter_opacity=&#8221;100%&#8221; child_filter_blur=&#8221;0px&#8221; child_mix_blend_mode=&#8221;normal&#8221; background_layout=&#8221;dark&#8221; text_shadow_style=&#8221;none&#8221; [&hellip;]<\/p>\n","protected":false},"author":1,"featured_media":0,"parent":0,"menu_order":0,"comment_status":"closed","ping_status":"closed","template":"","meta":{"_et_pb_use_builder":"on","_et_pb_old_content":"<p>[separator top=\"40\"]<br \/>[title size=\"2\"]<span style=\"color: #005698;\">Carta del Presidente Don Alfonso Zamorano Aguado<\/span>[\/title]<\/p><p>Estimados clientes, proveedores, colaboradores y amigos,\u00a0bienvenidos a <strong>Grupo AZA<\/strong>.<\/p><p>En esta web pretendemos presentarles las empresas que forman nuestro grupo, nuestra manera de entender las cosas, nuestra historia, nuestros servicios y todo aquello que pensamos que puede ayudarles a conocernos mejor.<\/p><p>Como Presidente de este grupo empresarial familiar, s\u00e9 que tan importante como que ustedes nos conozcan, es que nosotros podamos conocerles a ustedes, para as\u00ed poder conformar nuestros servicios a sus necesidades, por lo cual esta herramienta pretende ser un canal bidireccional de comunicaci\u00f3n a trav\u00e9s del cual podamos hacer crecer nuestras empresas juntos.<\/p><p>La principal fortaleza de nuestro grupo en el mercado, la constituyen, en mi opini\u00f3n, sus m\u00e1s de 350 profesionales que dedican su buen hacer cotidiano a nuestras empresas, y la solvencia econ\u00f3mica conseguida gracias a la reinversi\u00f3n sistem\u00e1tica de los resultados econ\u00f3micos obtenidos y de una gesti\u00f3n seria y rigurosa.<\/p><p>La principal garant\u00eda de futuro que hoy podemos ofrecer, es la incorporaci\u00f3n a la empresa de la cuarta generaci\u00f3n de una familia, que con el esfuerzo continuado durante un siglo, ha crecido con sus clientes, con sus proveedores y colaboradores y que contin\u00faa hoy con la misma ilusi\u00f3n y empe\u00f1o que en sus inicios.<\/p><p>Con la seguridad de que le atenderemos con honestidad, proximidad y profesionalidad, le invito a que nos conf\u00eden cualquier necesidad que entiendan que podemos resolver desde Grupo Aza, incluso aquellas de las que no est\u00e9n totalmente seguros de que podamos. Les garantizo nuestro m\u00e1ximo esfuerzo en el \u00e9xito com\u00fan.<\/p><p>Desde esta empresa que ya ha cumplido su primer centenario, les agradezco \u00a0la confianza depositada en nosotros y quedo a su disposici\u00f3n.<\/p><p>Atentamente,<\/p><p>\u00a0<\/p><p style=\"text-align: center;\">Alfonso Zamorano Aguado<\/p><p style=\"text-align: center;\">\u00a0<a href=\"mailto:presidencia@grupoaza.com\">presidencia@grupoaza.com<\/a><\/p>"},"_links":{"self":[{"href":"https:\/\/grupoaza.es\/en\/wp-json\/wp\/v2\/pages\/3627"}],"collection":[{"href":"https:\/\/grupoaza.es\/en\/wp-json\/wp\/v2\/pages"}],"about":[{"href":"https:\/\/grupoaza.es\/en\/wp-json\/wp\/v2\/types\/page"}],"author":[{"embeddable":true,"href":"https:\/\/grupoaza.es\/en\/wp-json\/wp\/v2\/users\/1"}],"replies":[{"embeddable":true,"href":"https:\/\/grupoaza.es\/en\/wp-json\/wp\/v2\/comments?post=3627"}],"version-history":[{"count":7,"href":"https:\/\/grupoaza.es\/en\/wp-json\/wp\/v2\/pages\/3627\/revisions"}],"predecessor-version":[{"id":5683,"href":"https:\/\/grupoaza.es\/en\/wp-json\/wp\/v2\/pages\/3627\/revisions\/5683"}],"wp:attachment":[{"href":"https:\/\/grupoaza.es\/en\/wp-json\/wp\/v2\/media?parent=3627"}],"curies":[{"name":"wp","href":"https:\/\/api.w.org\/{rel}","templated":true}]}}